{"id":7221,"date":"2024-10-26T11:35:21","date_gmt":"2024-10-26T11:35:21","guid":{"rendered":"https:\/\/yohannaa.com\/product\/shea-butter-formula-raw-shea-nourish-daily-body-lotion\/"},"modified":"2024-10-26T11:35:21","modified_gmt":"2024-10-26T11:35:21","slug":"shea-butter-formula-raw-shea-nourish-daily-body-lotion","status":"publish","type":"product","link":"https:\/\/yohannaa.com\/no\/shop\/hudpleie\/fuktighetsgivende-for-huden\/fuktighetsgivende-melk-og-kremer\/shea-butter-formula-raw-shea-nourish-daily-body-lotion\/","title":{"rendered":"Shea Butter Formula Raw Shea Nourish Daily Body Lotion"},"content":{"rendered":"<p>Gi huden fuktighet og n\u00e6ring p\u00e5 en naturlig m\u00e5te med sheasm\u00f8r. Denne rike, mykgj\u00f8rende lotionen trenger dypt inn i huden for \u00e5 motvirke t\u00f8rrhet og forbedre elastisiteten. Huden f\u00f8les mykt og glatt og f\u00e5r en naturlig gl\u00f8d. Vitamin E, en naturlig antioksidant, gir ytterligere fuktighetsgivende fordeler.   <\/p>\n","protected":false},"excerpt":{"rendered":"<p>Gi huden fuktighet og n\u00e6ring p\u00e5 en naturlig m\u00e5te med sheasm\u00f8r. Denne rike, mykgj\u00f8rende lotionen trenger dypt inn i huden for \u00e5 motvirke t\u00f8rrhet og forbedre elastisiteten. <\/p>\n","protected":false},"featured_media":7015,"comment_status":"open","ping_status":"closed","template":"","meta":[],"product_brand":[1227,1324],"product_cat":[1524,1525,1456],"product_tag":[1526,1459],"class_list":{"0":"post-7221","1":"product","2":"type-product","3":"status-publish","4":"has-post-thumbnail","6":"product_brand-palmers","7":"product_brand-shea-butter-formula","8":"product_cat-fuktighetsgivende-for-huden","9":"product_cat-fuktighetsgivende-melk-og-kremer","10":"product_cat-hudpleie","11":"product_tag-fuktighetsgivende-for-huden","12":"product_tag-hudpleie","14":"first","15":"instock","16":"shipping-taxable","17":"purchasable","18":"product-type-simple"},"_links":{"self":[{"href":"https:\/\/yohannaa.com\/no\/wp-json\/wp\/v2\/product\/7221","targetHints":{"allow":["GET"]}}],"collection":[{"href":"https:\/\/yohannaa.com\/no\/wp-json\/wp\/v2\/product"}],"about":[{"href":"https:\/\/yohannaa.com\/no\/wp-json\/wp\/v2\/types\/product"}],"replies":[{"embeddable":true,"href":"https:\/\/yohannaa.com\/no\/wp-json\/wp\/v2\/comments?post=7221"}],"wp:featuredmedia":[{"embeddable":true,"href":"https:\/\/yohannaa.com\/no\/wp-json\/wp\/v2\/media\/7015"}],"wp:attachment":[{"href":"https:\/\/yohannaa.com\/no\/wp-json\/wp\/v2\/media?parent=7221"}],"wp:term":[{"taxonomy":"product_brand","embeddable":true,"href":"https:\/\/yohannaa.com\/no\/wp-json\/wp\/v2\/product_brand?post=7221"},{"taxonomy":"product_cat","embeddable":true,"href":"https:\/\/yohannaa.com\/no\/wp-json\/wp\/v2\/product_cat?post=7221"},{"taxonomy":"product_tag","embeddable":true,"href":"https:\/\/yohannaa.com\/no\/wp-json\/wp\/v2\/product_tag?post=7221"}],"curies":[{"name":"wp","href":"https:\/\/api.w.org\/{rel}","templated":true}]}}