{"id":7220,"date":"2024-10-24T20:59:25","date_gmt":"2024-10-24T20:59:25","guid":{"rendered":"https:\/\/yohannaa.com\/product\/coconut-oil-formula-moisture-gro-hairdress-med-vitamin-e\/"},"modified":"2024-10-24T20:59:25","modified_gmt":"2024-10-24T20:59:25","slug":"coconut-oil-formula-moisture-gro-hairdress-med-vitamin-e","status":"publish","type":"product","link":"https:\/\/yohannaa.com\/no\/shop\/harpleie\/fuktighetskremer-for-haret\/fuktighetsgivende-krem-og-lotion\/coconut-oil-formula-moisture-gro-hairdress-med-vitamin-e\/","title":{"rendered":"Coconut Oil Formula Moisture Gro Hairdress med vitamin E"},"content":{"rendered":"<p>Palmers Coconut Oil Formula Moisture Gro Hairdress er beriket med ren kokosn\u00f8ttolje, olivenolje, ren lanolin og vitamin E. Palmers Coconut Oil Formula Conditioner er en daglig pomade som gir h\u00e5ret utrolig glans og mykhet. Den rene, tropiske duften av kokosn\u00f8tt etterlater h\u00e5ret velduftende hele dagen. <\/p>\n<p><b>Funksjoner: &#8211;<\/b><\/p>\n<ul>\n<li>Styrker og beskytter mot skader.<\/li>\n<li>Glatter h\u00e5ret og bidrar til \u00e5 forhindre brudd.<\/li>\n<li>Gir h\u00e5ret en glansfull glans.<\/li>\n<\/ul>\n<p><b>Veibeskrivelse:<\/b><\/p>\n<p>Bruk Palmers Coconut Oil Formula Moisture Gro Shining Hairdress p\u00e5 rent, t\u00f8rt h\u00e5r. P\u00e5f\u00f8r en mengde p\u00e5 st\u00f8rrelse med en ert fra hodebunnen og ut i endene. Ikke skyll ut.  <\/p>\n","protected":false},"excerpt":{"rendered":"<p>Palmers Coconut Oil Formula Moisture Gro Hairdress er beriket med ren kokosn\u00f8ttolje, olivenolje, ren lanolin og vitamin E. Palmers Coconut Oil Formula Conditioner er en daglig pomade som gir h\u00e5ret utrolig glans og mykhet. Den rene, tropiske duften av kokosn\u00f8tt etterlater h\u00e5ret velduftende hele dagen. <\/p>\n","protected":false},"featured_media":7019,"comment_status":"open","ping_status":"closed","template":"","meta":[],"product_brand":[1330,1227],"product_cat":[1521,1520,1488],"product_tag":[1467,1515],"class_list":{"0":"post-7220","1":"product","2":"type-product","3":"status-publish","4":"has-post-thumbnail","6":"product_brand-coconut-oil-formula","7":"product_brand-palmers","8":"product_cat-fuktighetsgivende-krem-og-lotion","9":"product_cat-fuktighetskremer-for-haret","10":"product_cat-harpleie","11":"product_tag-harpleie","12":"product_tag-harpleie-fuktighet","14":"first","15":"instock","16":"shipping-taxable","17":"purchasable","18":"product-type-variable"},"_links":{"self":[{"href":"https:\/\/yohannaa.com\/no\/wp-json\/wp\/v2\/product\/7220","targetHints":{"allow":["GET"]}}],"collection":[{"href":"https:\/\/yohannaa.com\/no\/wp-json\/wp\/v2\/product"}],"about":[{"href":"https:\/\/yohannaa.com\/no\/wp-json\/wp\/v2\/types\/product"}],"replies":[{"embeddable":true,"href":"https:\/\/yohannaa.com\/no\/wp-json\/wp\/v2\/comments?post=7220"}],"wp:featuredmedia":[{"embeddable":true,"href":"https:\/\/yohannaa.com\/no\/wp-json\/wp\/v2\/media\/7019"}],"wp:attachment":[{"href":"https:\/\/yohannaa.com\/no\/wp-json\/wp\/v2\/media?parent=7220"}],"wp:term":[{"taxonomy":"product_brand","embeddable":true,"href":"https:\/\/yohannaa.com\/no\/wp-json\/wp\/v2\/product_brand?post=7220"},{"taxonomy":"product_cat","embeddable":true,"href":"https:\/\/yohannaa.com\/no\/wp-json\/wp\/v2\/product_cat?post=7220"},{"taxonomy":"product_tag","embeddable":true,"href":"https:\/\/yohannaa.com\/no\/wp-json\/wp\/v2\/product_tag?post=7220"}],"curies":[{"name":"wp","href":"https:\/\/api.w.org\/{rel}","templated":true}]}}