{"id":7219,"date":"2024-10-26T19:24:32","date_gmt":"2024-10-26T19:24:32","guid":{"rendered":"https:\/\/yohannaa.com\/product\/olive-miracle-moisture-restore-curl-refresher\/"},"modified":"2024-10-26T19:24:32","modified_gmt":"2024-10-26T19:24:32","slug":"olive-miracle-moisture-restore-curl-refresher","status":"publish","type":"product","link":"https:\/\/yohannaa.com\/no\/shop\/harpleie\/sprayer-serum-og-oljer\/fuktighetsgivende-spray\/olive-miracle-moisture-restore-curl-refresher\/","title":{"rendered":"Olive Miracle Moisture Restore Curl Refresher"},"content":{"rendered":"<p>African Pride Natural Salon Care Moisture Restore Curl Refresher er en 7-IN-1 formel som l\u00f8sner, pleier, beskytter mot varme, frisker opp kr\u00f8ller, tilf\u00f8rer glans, kontrollerer frizz og forhindrer splittede ender. Oliven- og tea tree-oljer bidrar til \u00e5 gi n\u00e6ring mot slitasje for et sunt h\u00e5r og profesjonell glans; gir fuktighet til naturlig h\u00e5r; fukter og hjelper til med \u00e5 reparere t\u00f8rt, skadet h\u00e5r; perfekt for f\u00f8ning og vedlikehold av kort h\u00e5r. Beskytt h\u00e5ret ditt og gi spolene dine det de \u00f8nsker. Ny Olive Miracle Natural Salon Care. Formulert for maksimal lengdebevaring, med oliven- og tea tree-oljer som pleier h\u00e5r og hodebunn i dybden. Fikser looken din med et hold som ikke flasser, gjenoppretter fuktighet og gir vektl\u00f8s beskyttelse. <\/p>\n<p><b>NATURLIG FORMULERT :-)<\/b><\/p>\n<p>Ingrediensene i African Prides produkter er fri for skadelige komponenter, inkludert parabener, mineralolje, sulfater og petrolatum. Ved \u00e5 bruke naturlige ingredienser er vi i stand til \u00e5 tilby trygge produkter av h\u00f8y kvalitet. <\/p>\n<p><b>HVORDAN BRUKER DU: &#8211;<\/b><\/p>\n<p>Spray rikelig i fuktig h\u00e5r, og bruk en bredtannet kam for \u00e5 fordele h\u00e5ret jevnt fra r\u00f8ttene til tuppene. Styl som \u00f8nsket. Kan ogs\u00e5 brukes i t\u00f8rt h\u00e5r for \u00e5 friske opp og fornye frisyren.  <\/p>\n","protected":false},"excerpt":{"rendered":"<p>African Pride Natural Salon Care Moisture Restore Curl Refresher er en 7-IN-1-formel som l\u00f8sner, pleier, beskytter mot varme, frisker opp kr\u00f8llene, gir glans, kontrollerer frizz og forebygger spaltede spisser. Oliven- og tea tree-oljer bidrar til \u00e5 gi n\u00e6ring mot brudd, slik at h\u00e5ret ser sunt ut og f\u00e5r en profesjonell glans&#8230; <\/p>\n","protected":false},"featured_media":7010,"comment_status":"open","ping_status":"closed","template":"","meta":[],"product_brand":[1320,1321],"product_cat":[1514,1488,1512,1513,1511],"product_tag":[1467,1516,1515],"class_list":{"0":"post-7219","1":"product","2":"type-product","3":"status-publish","4":"has-post-thumbnail","6":"product_brand-african-pride","7":"product_brand-olive-miracle","8":"product_cat-fuktighetsgivende-spray","9":"product_cat-harpleie","10":"product_cat-harstyling-for-menn","11":"product_cat-spray-og-serum-for-menn","12":"product_cat-sprayer-serum-og-oljer","13":"product_tag-harpleie","14":"product_tag-harpleie-for-menn","15":"product_tag-harpleie-fuktighet","17":"first","18":"instock","19":"shipping-taxable","20":"purchasable","21":"product-type-simple"},"_links":{"self":[{"href":"https:\/\/yohannaa.com\/no\/wp-json\/wp\/v2\/product\/7219","targetHints":{"allow":["GET"]}}],"collection":[{"href":"https:\/\/yohannaa.com\/no\/wp-json\/wp\/v2\/product"}],"about":[{"href":"https:\/\/yohannaa.com\/no\/wp-json\/wp\/v2\/types\/product"}],"replies":[{"embeddable":true,"href":"https:\/\/yohannaa.com\/no\/wp-json\/wp\/v2\/comments?post=7219"}],"wp:featuredmedia":[{"embeddable":true,"href":"https:\/\/yohannaa.com\/no\/wp-json\/wp\/v2\/media\/7010"}],"wp:attachment":[{"href":"https:\/\/yohannaa.com\/no\/wp-json\/wp\/v2\/media?parent=7219"}],"wp:term":[{"taxonomy":"product_brand","embeddable":true,"href":"https:\/\/yohannaa.com\/no\/wp-json\/wp\/v2\/product_brand?post=7219"},{"taxonomy":"product_cat","embeddable":true,"href":"https:\/\/yohannaa.com\/no\/wp-json\/wp\/v2\/product_cat?post=7219"},{"taxonomy":"product_tag","embeddable":true,"href":"https:\/\/yohannaa.com\/no\/wp-json\/wp\/v2\/product_tag?post=7219"}],"curies":[{"name":"wp","href":"https:\/\/api.w.org\/{rel}","templated":true}]}}