{"id":7216,"date":"2024-10-26T12:37:44","date_gmt":"2024-10-26T12:37:44","guid":{"rendered":"https:\/\/yohannaa.com\/product\/olive-miracle-anti-breakage-formula-leave-in-conditioner\/"},"modified":"2024-10-26T12:37:44","modified_gmt":"2024-10-26T12:37:44","slug":"olive-miracle-anti-breakage-formula-leave-in-conditioner","status":"publish","type":"product","link":"https:\/\/yohannaa.com\/no\/shop\/harpleie\/balsam\/leave-in-balsam\/olive-miracle-anti-breakage-formula-leave-in-conditioner\/","title":{"rendered":"Olive Miracle Anti Breakage Formula Leave In Conditioner"},"content":{"rendered":"<p>Olive Miracle Anti Breakage Formula Leave In Conditioner er beriket med ekstra jomfruolivenolje som gir silkeglatt, velpleiet h\u00e5r og en fuktighetsgivende, sunn hodebunn. Olivens nye, fj\u00e6rlette Leave In Conditioner beskytter h\u00e5ret mot skader, samtidig som den styrker h\u00e5ret innvendig for et sterkere og sunnere utseende. I bare ett enkelt trinn pleier og fukter denne unike daglige behandlingen h\u00e5ret for \u00e5 reparere og styrke t\u00f8rt, spr\u00f8tt og skadet h\u00e5r. <\/p>\n<p><b>Slik bruker du den:<\/b><\/p>\n<p><b>T\u00f8rt h\u00e5r:<\/b> Brukes som en daglig behandling. Arbeid inn i h\u00e5ret fra r\u00f8ttene til spissene, og la virke. Ikke skyll ut. Styles som vanlig. <b>V\u00e5tt h\u00e5r:<\/b> Bruk etter sjamponering, avslapping, permanent, kr\u00f8lling eller farging (f\u00f8lg alltid produsentens anvisninger). H\u00e5ndklet\u00f8rt h\u00e5r. Kam gjennom. M\u00e5 ikke skylles ut. Style som vanlig.   <\/p>\n","protected":false},"excerpt":{"rendered":"<p>Olive Miracle Anti Breakage Formula Leave In Conditioner er beriket med ekstra jomfruolivenolje som gir silkeglatt, velpleiet h\u00e5r og en fuktighetsgivende, sunn hodebunn. Olivens nye, fj\u00e6rlette leave in-balsam bidrar til \u00e5 beskytte h\u00e5ret mot skader, samtidig som den styrker h\u00e5ret p\u00e5 innsiden for et sterkere og sunnere utseende.<\/p>\n","protected":false},"featured_media":7011,"comment_status":"open","ping_status":"closed","template":"","meta":[],"product_brand":[1320,1321],"product_cat":[1489,1488,1490],"product_tag":[1467,1506],"class_list":{"0":"post-7216","1":"product","2":"type-product","3":"status-publish","4":"has-post-thumbnail","6":"product_brand-african-pride","7":"product_brand-olive-miracle","8":"product_cat-balsam","9":"product_cat-harpleie","10":"product_cat-leave-in-balsam","11":"product_tag-harpleie","12":"product_tag-leave-in-balsam-no","14":"first","15":"instock","16":"shipping-taxable","17":"purchasable","18":"product-type-simple"},"_links":{"self":[{"href":"https:\/\/yohannaa.com\/no\/wp-json\/wp\/v2\/product\/7216","targetHints":{"allow":["GET"]}}],"collection":[{"href":"https:\/\/yohannaa.com\/no\/wp-json\/wp\/v2\/product"}],"about":[{"href":"https:\/\/yohannaa.com\/no\/wp-json\/wp\/v2\/types\/product"}],"replies":[{"embeddable":true,"href":"https:\/\/yohannaa.com\/no\/wp-json\/wp\/v2\/comments?post=7216"}],"wp:featuredmedia":[{"embeddable":true,"href":"https:\/\/yohannaa.com\/no\/wp-json\/wp\/v2\/media\/7011"}],"wp:attachment":[{"href":"https:\/\/yohannaa.com\/no\/wp-json\/wp\/v2\/media?parent=7216"}],"wp:term":[{"taxonomy":"product_brand","embeddable":true,"href":"https:\/\/yohannaa.com\/no\/wp-json\/wp\/v2\/product_brand?post=7216"},{"taxonomy":"product_cat","embeddable":true,"href":"https:\/\/yohannaa.com\/no\/wp-json\/wp\/v2\/product_cat?post=7216"},{"taxonomy":"product_tag","embeddable":true,"href":"https:\/\/yohannaa.com\/no\/wp-json\/wp\/v2\/product_tag?post=7216"}],"curies":[{"name":"wp","href":"https:\/\/api.w.org\/{rel}","templated":true}]}}