{"id":7213,"date":"2024-10-25T19:46:39","date_gmt":"2024-10-25T19:46:39","guid":{"rendered":"https:\/\/yohannaa.com\/product\/olive-miracle-deep-conditioning-curls-and-coils-texturizer\/"},"modified":"2024-10-25T19:46:39","modified_gmt":"2024-10-25T19:46:39","slug":"olive-miracle-deep-conditioning-curls-and-coils-texturizer","status":"publish","type":"product","link":"https:\/\/yohannaa.com\/no\/shop\/harpleie\/relaxer-n-teksturizer\/teksturgivere\/olive-miracle-deep-conditioning-curls-and-coils-texturizer\/","title":{"rendered":"Olive Miracle Deep Conditioning Curls And Coils Texturizer"},"content":{"rendered":"<p>African Pride Olive Miracle Curls and Coils Texturizer er et nytt, raskt og enkelt kruskontrollsystem. Denne texturizeren gir kr\u00f8ller og spoler pleide, langstrakte og definerte kr\u00f8ller som gir h\u00e5ret ditt den utrolige h\u00e5ndterbarheten og stylingfleksibiliteten du \u00f8nsker. African Pride Olive Miracle Curls and Coils Texturizer er beriket med afrikansk sheasm\u00f8r, olivenolje og urteoljeekstrakter.  <\/p>\n","protected":false},"excerpt":{"rendered":"<p>African Pride Olive Miracle Curls and Coils Texturizer er et nytt, raskt og enkelt kruskontrollsystem. Denne teksturatoren etterlater kr\u00f8ller og spoler pleiet, forlenget og definert og gir h\u00e5ret ditt den utrolige h\u00e5ndterbarheten og stylingfleksibiliteten du \u00f8nsker. <\/p>\n","protected":false},"featured_media":7013,"comment_status":"open","ping_status":"closed","template":"","meta":[],"product_brand":[1320,1321],"product_cat":[1488,1503,1504],"product_tag":[1467,1505],"class_list":{"0":"post-7213","1":"product","2":"type-product","3":"status-publish","4":"has-post-thumbnail","6":"product_brand-african-pride","7":"product_brand-olive-miracle","8":"product_cat-harpleie","9":"product_cat-relaxer-n-teksturizer","10":"product_cat-teksturgivere","11":"product_tag-harpleie","12":"product_tag-harteksturator","14":"first","15":"instock","16":"shipping-taxable","17":"purchasable","18":"product-type-simple"},"_links":{"self":[{"href":"https:\/\/yohannaa.com\/no\/wp-json\/wp\/v2\/product\/7213","targetHints":{"allow":["GET"]}}],"collection":[{"href":"https:\/\/yohannaa.com\/no\/wp-json\/wp\/v2\/product"}],"about":[{"href":"https:\/\/yohannaa.com\/no\/wp-json\/wp\/v2\/types\/product"}],"replies":[{"embeddable":true,"href":"https:\/\/yohannaa.com\/no\/wp-json\/wp\/v2\/comments?post=7213"}],"wp:featuredmedia":[{"embeddable":true,"href":"https:\/\/yohannaa.com\/no\/wp-json\/wp\/v2\/media\/7013"}],"wp:attachment":[{"href":"https:\/\/yohannaa.com\/no\/wp-json\/wp\/v2\/media?parent=7213"}],"wp:term":[{"taxonomy":"product_brand","embeddable":true,"href":"https:\/\/yohannaa.com\/no\/wp-json\/wp\/v2\/product_brand?post=7213"},{"taxonomy":"product_cat","embeddable":true,"href":"https:\/\/yohannaa.com\/no\/wp-json\/wp\/v2\/product_cat?post=7213"},{"taxonomy":"product_tag","embeddable":true,"href":"https:\/\/yohannaa.com\/no\/wp-json\/wp\/v2\/product_tag?post=7213"}],"curies":[{"name":"wp","href":"https:\/\/api.w.org\/{rel}","templated":true}]}}