{"id":7157,"date":"2024-10-24T18:54:07","date_gmt":"2024-10-24T18:54:07","guid":{"rendered":"https:\/\/yohannaa.com\/product\/handlaget-naturlig-harfestet-syn-asmara-blondeparykk\/"},"modified":"2024-11-30T01:50:45","modified_gmt":"2024-11-30T01:50:45","slug":"handlaget-naturlig-harfestet-syn-asmara-blondeparykk","status":"publish","type":"product","link":"https:\/\/yohannaa.com\/no\/shop\/wigs-no\/parykker-med-hel-blonder\/syntetisk-har-parykker-med-hel-blonder\/handlaget-naturlig-harfestet-syn-asmara-blondeparykk\/","title":{"rendered":"H\u00e5ndlaget naturlig h\u00e5rfestet Syn Asmara Blondeparykk"},"content":{"rendered":"<p>H\u00e5ndlaget usynlig L Part Syn Asmara blonderparykk. Vakker kr\u00f8llete parykk. <\/p>\n","protected":false},"excerpt":{"rendered":"<p>H\u00e5ndlaget usynlig L Part Syn Asmara blonderparykk. Vakker kr\u00f8llete parykk. <\/p>\n","protected":false},"featured_media":6715,"comment_status":"open","ping_status":"closed","template":"","meta":[],"product_brand":[1259],"product_cat":[2036],"product_tag":[1498,1499],"class_list":{"0":"post-7157","1":"product","2":"type-product","3":"status-publish","4":"has-post-thumbnail","6":"product_brand-impression","7":"product_cat-syntetisk-har-parykker-med-hel-blonder","8":"product_tag-eksempel-no","9":"product_tag-impression-lace-wig-asmara-no","11":"first","12":"instock","13":"shipping-taxable","14":"purchasable","15":"product-type-variable"},"_links":{"self":[{"href":"https:\/\/yohannaa.com\/no\/wp-json\/wp\/v2\/product\/7157","targetHints":{"allow":["GET"]}}],"collection":[{"href":"https:\/\/yohannaa.com\/no\/wp-json\/wp\/v2\/product"}],"about":[{"href":"https:\/\/yohannaa.com\/no\/wp-json\/wp\/v2\/types\/product"}],"replies":[{"embeddable":true,"href":"https:\/\/yohannaa.com\/no\/wp-json\/wp\/v2\/comments?post=7157"}],"wp:featuredmedia":[{"embeddable":true,"href":"https:\/\/yohannaa.com\/no\/wp-json\/wp\/v2\/media\/6715"}],"wp:attachment":[{"href":"https:\/\/yohannaa.com\/no\/wp-json\/wp\/v2\/media?parent=7157"}],"wp:term":[{"taxonomy":"product_brand","embeddable":true,"href":"https:\/\/yohannaa.com\/no\/wp-json\/wp\/v2\/product_brand?post=7157"},{"taxonomy":"product_cat","embeddable":true,"href":"https:\/\/yohannaa.com\/no\/wp-json\/wp\/v2\/product_cat?post=7157"},{"taxonomy":"product_tag","embeddable":true,"href":"https:\/\/yohannaa.com\/no\/wp-json\/wp\/v2\/product_tag?post=7157"}],"curies":[{"name":"wp","href":"https:\/\/api.w.org\/{rel}","templated":true}]}}