{"id":7145,"date":"2024-10-24T14:53:43","date_gmt":"2024-10-24T14:53:43","guid":{"rendered":"https:\/\/yohannaa.com\/product\/bigen-permanent-powder-hair-colour-all-shades-6g\/"},"modified":"2024-12-18T01:06:56","modified_gmt":"2024-12-18T01:06:56","slug":"bigen-permanent-powder-hair-colour-all-shades-6g","status":"publish","type":"product","link":"https:\/\/yohannaa.com\/no\/shop\/harpleie\/harfarge\/permanent-no\/bigen-permanent-powder-hair-colour-all-shades-6g\/","title":{"rendered":"Bigen Permanent Powder Hair Colour All Shades 6g"},"content":{"rendered":"<p><strong>Bigen Permanent Powder Hair Colour All Shades 6g<\/strong><\/p>\n<p>Bigen Permanent Powder Hair Color er ideell for deg som \u00f8nsker et vakkert, langvarig resultat med 100 % gr\u00e5 dekning eller for \u00e5 fremheve den naturlige h\u00e5rfargen. Den unike pulverformelen aktiveres av vann for \u00e5 \u00e5pne h\u00e5rets skjellag p\u00e5 en naturlig m\u00e5te og gi en rik, naturlig farge selv i de mest gjenstridige gr\u00e5 h\u00e5rstr\u00e5ene. <\/p>\n<p>Uten ammoniakk og hydrogenperoksid er denne fargen det sk\u00e5nsomme valget for en fyldig farge og optimal glans, uansett h\u00e5rfarge, konsistens, tilstand, lengde eller stil!<\/p>\n","protected":false},"excerpt":{"rendered":"<div class=\"product-short-description\">\n<p>Bigen Permanent Powder Hair Color er ideell for deg som \u00f8nsker et vakkert, langvarig resultat med 100 % gr\u00e5 dekning eller for \u00e5 fremheve den naturlige h\u00e5rfargen. Den unike pulverformelen aktiveres av vann for \u00e5 \u00e5pne h\u00e5rets skjellag p\u00e5 en naturlig m\u00e5te og gi en rik, naturlig farge selv i de mest gjenstridige gr\u00e5 h\u00e5rstr\u00e5ene. <\/p>\n<\/div>\n","protected":false},"featured_media":6522,"comment_status":"open","ping_status":"closed","template":"","meta":[],"product_brand":[1255,1256],"product_cat":[1484,1485],"product_tag":[1486],"class_list":{"0":"post-7145","1":"product","2":"type-product","3":"status-publish","4":"has-post-thumbnail","6":"product_brand-bigen-color","7":"product_brand-bigen-hair-color","8":"product_cat-harfarge","9":"product_cat-permanent-no","10":"product_tag-harfarge-no","12":"first","13":"instock","14":"featured","15":"shipping-taxable","16":"purchasable","17":"product-type-variable"},"_links":{"self":[{"href":"https:\/\/yohannaa.com\/no\/wp-json\/wp\/v2\/product\/7145","targetHints":{"allow":["GET"]}}],"collection":[{"href":"https:\/\/yohannaa.com\/no\/wp-json\/wp\/v2\/product"}],"about":[{"href":"https:\/\/yohannaa.com\/no\/wp-json\/wp\/v2\/types\/product"}],"replies":[{"embeddable":true,"href":"https:\/\/yohannaa.com\/no\/wp-json\/wp\/v2\/comments?post=7145"}],"wp:featuredmedia":[{"embeddable":true,"href":"https:\/\/yohannaa.com\/no\/wp-json\/wp\/v2\/media\/6522"}],"wp:attachment":[{"href":"https:\/\/yohannaa.com\/no\/wp-json\/wp\/v2\/media?parent=7145"}],"wp:term":[{"taxonomy":"product_brand","embeddable":true,"href":"https:\/\/yohannaa.com\/no\/wp-json\/wp\/v2\/product_brand?post=7145"},{"taxonomy":"product_cat","embeddable":true,"href":"https:\/\/yohannaa.com\/no\/wp-json\/wp\/v2\/product_cat?post=7145"},{"taxonomy":"product_tag","embeddable":true,"href":"https:\/\/yohannaa.com\/no\/wp-json\/wp\/v2\/product_tag?post=7145"}],"curies":[{"name":"wp","href":"https:\/\/api.w.org\/{rel}","templated":true}]}}