{"id":7144,"date":"2024-10-24T13:57:34","date_gmt":"2024-10-24T13:57:34","guid":{"rendered":"https:\/\/yohannaa.com\/product\/cantu-care-kids-conditioning-detangler\/"},"modified":"2024-10-24T13:57:34","modified_gmt":"2024-10-24T13:57:34","slug":"cantu-care-kids-conditioning-detangler","status":"publish","type":"product","link":"https:\/\/yohannaa.com\/no\/shop\/barn\/harpleie-for-barn\/balsam-for-barn\/cantu-care-kids-conditioning-detangler\/","title":{"rendered":"Cantu Care Kids Conditioning Detangler"},"content":{"rendered":"<p class=\"article-text\"><span data-sheets-value=\"{\"1\":2,\"2\":\"Cantu Care for Kids Conditioning Detangler 177ml\"}\" data-sheets-userformat=\"{\"2\":513,\"3\":{\"1\":0},\"12\":0}\">Cantu Care for Kids Conditioning Detangler 177 ml<\/span><\/p>\n<div class=\"article-text\">\n<div class=\"article-text\">\n<div class=\"article-text\">\n<div class=\"article-text\">\n<div class=\"article-text\">\n<div class=\"article-text\">\n<div class=\"article-text\">\n<div class=\"article-text\">\n<div class=\"article-text\">\n<div class=\"article-text\">\n<div class=\"article-text\">\n<div class=\"article-text\">\n<div class=\"article-text\">\n<div class=\"article-text\">\n<div class=\"article-text\">\n<p>Beroliger floker og reduserer brudd med den perfekte blandingen av rent sheasm\u00f8r, kokosn\u00f8ttolje og honning, formulert uten sterke ingredienser. Pleier og gir n\u00e6ring til skj\u00f8re spoler, kr\u00f8ller og b\u00f8lger med Cantus milde pleie for strukturert h\u00e5r. INGEN MINERALOLJE, SULFATER, PARABENER, SILIKONER, FETALATER, GLUTEN, PARAFFIN eller PROPYLENE. <\/p>\n<\/div>\n<div class=\"benefits-features\">\n<div id=\"faf-field-4\" class=\"faf-field faf-field-textarea\">\n<div class=\"faf-name\">Fordeler\/Funksjoner<\/div>\n<div class=\"faf-text\">\n<ul>\n<li>Mykgj\u00f8r h\u00e5rstr\u00e5ene for kr\u00f8ller som er lette \u00e5 kamme<\/li>\n<li>Gir h\u00e5ret mer glid og reduserer brudd<\/li>\n<li>Tilsatt sheasm\u00f8r, kokosolje og honning<\/li>\n<\/ul>\n<\/div>\n<\/div>\n<\/div>\n<div class=\"awards\">\n<div id=\"faf-field-12\" class=\"faf-field faf-field-textarea\">\n<div class=\"faf-name\">Utmerkelser<\/div>\n<div class=\"faf-text\">2015 Naturally Curly Editors&#8217; Choice Best Kids Collection<\/div>\n<\/div>\n<\/div>\n<\/div>\n<\/div>\n<div class=\"awards\">\n<div id=\"faf-field-12\" class=\"faf-field faf-field-textarea\">\n<div class=\"faf-text\"><\/div>\n<\/div>\n<\/div>\n<\/div>\n<div class=\"awards\">\n<div id=\"faf-field-12\" class=\"faf-field faf-field-textarea\">\n<div class=\"faf-text\"><strong>Bruksanvisning: <\/strong>Rist for \u00e5 aktivere. Spray p\u00e5 fuktig eller t\u00f8rt h\u00e5r, seksjon for seksjon. Kam gjennom og style som vanlig.  <\/div>\n<\/div>\n<\/div>\n<\/div>\n<\/div>\n<\/div>\n<\/div>\n<\/div>\n<\/div>\n<\/div>\n<\/div>\n<\/div>\n<\/div>\n<\/div>\n","protected":false},"excerpt":{"rendered":"<p>Beroliger floker og reduserer brudd med den perfekte blandingen av rent sheasm\u00f8r, kokosn\u00f8ttolje og honning, formulert uten sterke ingredienser. Pleier og gir n\u00e6ring til skj\u00f8re spoler, kr\u00f8ller og b\u00f8lger med Cantus milde pleie for strukturert h\u00e5r. <\/p>\n","protected":false},"featured_media":6666,"comment_status":"open","ping_status":"closed","template":"","meta":[],"product_brand":[1220,1253],"product_cat":[1480,1478,1479],"product_tag":[1481],"class_list":{"0":"post-7144","1":"product","2":"type-product","3":"status-publish","4":"has-post-thumbnail","6":"product_brand-cantu","7":"product_brand-care-for-kids","8":"product_cat-balsam-for-barn","9":"product_cat-barn","10":"product_cat-harpleie-for-barn","11":"product_tag-harpleie-barn","13":"first","14":"instock","15":"shipping-taxable","16":"purchasable","17":"product-type-simple"},"_links":{"self":[{"href":"https:\/\/yohannaa.com\/no\/wp-json\/wp\/v2\/product\/7144","targetHints":{"allow":["GET"]}}],"collection":[{"href":"https:\/\/yohannaa.com\/no\/wp-json\/wp\/v2\/product"}],"about":[{"href":"https:\/\/yohannaa.com\/no\/wp-json\/wp\/v2\/types\/product"}],"replies":[{"embeddable":true,"href":"https:\/\/yohannaa.com\/no\/wp-json\/wp\/v2\/comments?post=7144"}],"wp:featuredmedia":[{"embeddable":true,"href":"https:\/\/yohannaa.com\/no\/wp-json\/wp\/v2\/media\/6666"}],"wp:attachment":[{"href":"https:\/\/yohannaa.com\/no\/wp-json\/wp\/v2\/media?parent=7144"}],"wp:term":[{"taxonomy":"product_brand","embeddable":true,"href":"https:\/\/yohannaa.com\/no\/wp-json\/wp\/v2\/product_brand?post=7144"},{"taxonomy":"product_cat","embeddable":true,"href":"https:\/\/yohannaa.com\/no\/wp-json\/wp\/v2\/product_cat?post=7144"},{"taxonomy":"product_tag","embeddable":true,"href":"https:\/\/yohannaa.com\/no\/wp-json\/wp\/v2\/product_tag?post=7144"}],"curies":[{"name":"wp","href":"https:\/\/api.w.org\/{rel}","templated":true}]}}