{"id":10331,"date":"2026-05-01T19:42:39","date_gmt":"2026-05-01T19:42:39","guid":{"rendered":"https:\/\/yohannaa.com\/shop\/ukategorisert\/in-control-anti-poof-fuktighetsgivende-og-mykgjorende-balsam\/"},"modified":"2026-05-01T20:01:49","modified_gmt":"2026-05-01T20:01:49","slug":"in-control-anti-poof-fuktighetsgivende-og-mykgjorende-balsam","status":"publish","type":"product","link":"https:\/\/yohannaa.com\/no\/shop\/andre\/in-control-anti-poof-fuktighetsgivende-og-mykgjorende-balsam\/","title":{"rendered":"In Control &laquo;Anti-Poof&raquo; fuktighetsgivende og mykgj\u00f8rende balsam"},"content":{"rendered":"<div class=\"wt-collapse__trigger wt-collapse__trigger--active\" tabindex=\"0\" role=\"button\" data-open=\"true\" aria-expanded=\"true\" aria-controls=\"Description-description\">\n<div class=\"wt-collapse__trigger__text\">\n<h2 class=\"wt-collapse__trigger__title\">Beskrivelse<\/h2>\n<\/div>\n<\/div>\n<div id=\"Description-description\" class=\"wt-collapse__target\">\n<div class=\"wt-collapse__target--text\">\n<p>For fantastisk mykhet, dyp pleie og bedre h\u00e5ndterbarhet, bruk Aunt Jackie&#8217;s In Control &laquo;Anti-Poof&raquo; Moisturizing &amp; Softening Conditioner. Den er perfekt som en gjenoppbyggende og rekonstruerende balsambehandling, eller som en co-wash. In Control gir liv til dehydrert, spr\u00f8tt, kjedelig og t\u00f8rt h\u00e5r og gj\u00f8r det mykere slik at det blir lettere \u00e5 gre og style. Kr\u00f8ller og b\u00f8lger blir mer langstrakte, glattere kr\u00f8ller, twists og fletter blir myke og mer definerte, og varmestylet h\u00e5r blir silkemykt og frizzfritt. Denne balsamen inneholder ikke petrolatum eller mineralolje, slik at h\u00e5ret ikke f\u00f8les fett og tynget.    <\/p>\n<\/div>\n<\/div>\n<div class=\"wt-collapse__trigger wt-collapse__trigger--active\" tabindex=\"0\" role=\"button\" data-open=\"false\" aria-expanded=\"true\" aria-controls=\"CollapsibleTab-collapsible_tab_VWhcaD\">\n<div class=\"wt-collapse__trigger__text\">\n<h2 class=\"wt-collapse__trigger__title\">Hvordan bruke<\/h2>\n<\/div>\n<\/div>\n<div id=\"CollapsibleTab-collapsible_tab_VWhcaD\" class=\"wt-collapse__target\">\n<div class=\"wt-collapse__target--text rte\">\n<p><span class=\"metafield-multi_line_text_field\">Etter sjamponering, t\u00f8rk h\u00e5ret med h\u00e5ndkle og p\u00e5f\u00f8r en sjener\u00f8s mengde In Control i h\u00e5ret fra r\u00f8ttene til endene. Som daglig balsam eller balsam til vanlig bruk, la virke i h\u00e5ret i 3 minutter, skyll grundig og t\u00f8rk med h\u00e5ndkle. Som en gjenoppbyggende behandling for t\u00f8rt eller skadet h\u00e5r, dekk til h\u00e5ret med en plasthette og la det sitte under en t\u00f8rketrommel med hette i 10 minutter, skyll deretter grundig og t\u00f8rk med h\u00e5ndkle. Som en co-wash, fukt h\u00e5ret grundig, og masser hodebunnen med fingrene for \u00e5 fjerne urenheter. Fordel deretter In Control i hele h\u00e5ret. Sjamponer grundig og skyll godt.     <\/span><\/p>\n<p>P\u00e5f\u00f8r In Control p\u00e5 nytt, denne gangen i henhold til instruksjonene ovenfor for normal bruk eller rekonstruktiv behandling, og t\u00f8rk deretter med et h\u00e5ndkle.<\/p>\n<\/div>\n<\/div>\n<div class=\"wt-collapse__trigger wt-collapse__trigger--active\" tabindex=\"0\" role=\"button\" data-open=\"false\" aria-expanded=\"true\" aria-controls=\"CollapsibleTab-collapsible_tab_Q7UFgL\">\n<div class=\"wt-collapse__trigger__text\">\n<h2 class=\"wt-collapse__trigger__title\">Ingredienser<\/h2>\n<\/div>\n<div class=\"wt-icon\" aria-hidden=\"true\">Aqua (vann), glyserin, polyquaternium-37, propylenglykoldipikrylat\/dipikrat, diketyldimoniumklorid, butyrospermum parkii (sheasm\u00f8r), olea Europaea (olivenolje), cetearylalkohol, parfyme (duft), cetylalkohol, fenoksyetanol, propylenglykol, difenylsiloksyfenyltrimetikon, lanolinolje, behentrimoniummetosulfat, hydrolysert keratin, dimetikon PEG-8-kokosat, PPG-1-trideceth-6, panthenol, hydrolysert kollagen, jodopropynylbutylkarbamat, Carthamus Tinctorius (saflor) fr\u00f8olje, tokoferol, hydrolysert quinoa, Urtica Dioica (brennesle) ekstrakt, Helianthus Annuus (solsikke) fr\u00f8olje, Rosmarinus Officinalis (rosmarin) bladekstrakt, Equisetum Hiemale (kjerringrokk) ekstrakt, Butylenglykol, tokoferylacetat, kaliumsorbat, etylheksylglyserin, limonen, heksylkinnamal, linalool, amylkinnamal, sitrus Aurantium Amara (appelsinskallolje), heksametylindanopyran, bl\u00e5 1 (CI 42090)<\/div>\n<\/div>\n<div class=\"product__block wt-product__upsell \">\n<h2 class=\"wt-product__upsell__headline\">Passer best sammen med<\/h2>\n<div class=\"wt-product__upsell__content\">\n<picture class=\"wt-product__upsell__picture\"><img decoding=\"async\" class=\"wt-product__upsell__image\" src=\"https:\/\/www.auntjackiescurlsandcoils.com\/cdn\/shop\/files\/34285699123_AUNTJACKIES_OhSoCleanShampoo_12ozBottle_FRONT.jpg?v=1743781641&amp;width=160\" sizes=\"(max-width: 320px) 120px, 140px\" srcset=\"  \/\/www.auntjackiescurlsandcoils.com\/cdn\/shop\/files\/34285699123_AUNTJACKIES_OhSoCleanShampoo_12ozBottle_FRONT.jpg?v=1743781641&amp;width=80 80w, \/\/www.auntjackiescurlsandcoils.com\/cdn\/shop\/files\/34285699123_AUNTJACKIES_OhSoCleanShampoo_12ozBottle_FRONT.jpg?v=1743781641&amp;width=120 120w, \/\/www.auntjackiescurlsandcoils.com\/cdn\/shop\/files\/34285699123_AUNTJACKIES_OhSoCleanShampoo_12ozBottle_FRONT.jpg?v=1743781641&amp;width=160 160w, \/\/www.auntjackiescurlsandcoils.com\/cdn\/shop\/files\/34285699123_AUNTJACKIES_OhSoCleanShampoo_12ozBottle_FRONT.jpg?v=1743781641&amp;width=240 240w  \" alt=\"\" width=\"140\" height=\"140\"><\/picture>\n<div class=\"wt-product__upsell__product\">\n<div class=\"card__subtitle\">Tante Jackies kr\u00f8ller og spoler<\/div>\n<div class=\"card__title\"><a href=\"https:\/\/www.auntjackiescurlsandcoils.com\/products\/oh-so-clean-moisturizing-softening-shampoo\" target=\"_blank\" rel=\"noopener\">Oh So Clean! Fuktighetsgivende og mykgj\u00f8rende sjampo <\/a><\/div>\n<\/div>\n<\/div>\n<\/div>\n","protected":false},"excerpt":{"rendered":"<ul class=\"wt-product__features__list\">\n<li class=\"wt-product__features__item\">Brukes som en co-wash eller dyp pleiebehandling<\/li>\n<li class=\"wt-product__features__item\">Gj\u00f8r h\u00e5ret mykt og medgj\u00f8rlig<\/li>\n<li class=\"wt-product__features__item\">Etterlater h\u00e5ret silkeaktig og frizzfritt<\/li>\n<\/ul>\n","protected":false},"featured_media":10330,"comment_status":"open","ping_status":"closed","template":"","meta":[],"product_brand":[],"product_cat":[1646],"product_tag":[],"class_list":{"0":"post-10331","1":"product","2":"type-product","3":"status-publish","4":"has-post-thumbnail","6":"product_cat-andre","8":"first","9":"instock","10":"shipping-taxable","11":"purchasable","12":"product-type-simple"},"_links":{"self":[{"href":"https:\/\/yohannaa.com\/no\/wp-json\/wp\/v2\/product\/10331","targetHints":{"allow":["GET"]}}],"collection":[{"href":"https:\/\/yohannaa.com\/no\/wp-json\/wp\/v2\/product"}],"about":[{"href":"https:\/\/yohannaa.com\/no\/wp-json\/wp\/v2\/types\/product"}],"replies":[{"embeddable":true,"href":"https:\/\/yohannaa.com\/no\/wp-json\/wp\/v2\/comments?post=10331"}],"wp:featuredmedia":[{"embeddable":true,"href":"https:\/\/yohannaa.com\/no\/wp-json\/wp\/v2\/media\/10330"}],"wp:attachment":[{"href":"https:\/\/yohannaa.com\/no\/wp-json\/wp\/v2\/media?parent=10331"}],"wp:term":[{"taxonomy":"product_brand","embeddable":true,"href":"https:\/\/yohannaa.com\/no\/wp-json\/wp\/v2\/product_brand?post=10331"},{"taxonomy":"product_cat","embeddable":true,"href":"https:\/\/yohannaa.com\/no\/wp-json\/wp\/v2\/product_cat?post=10331"},{"taxonomy":"product_tag","embeddable":true,"href":"https:\/\/yohannaa.com\/no\/wp-json\/wp\/v2\/product_tag?post=10331"}],"curies":[{"name":"wp","href":"https:\/\/api.w.org\/{rel}","templated":true}]}}