{"id":10287,"date":"2026-04-06T19:48:46","date_gmt":"2026-04-06T19:48:46","guid":{"rendered":"https:\/\/yohannaa.com\/shop\/ukategorisert\/balanse-naturlig-vekstoljeblanding-av-druefro-og-avokado\/"},"modified":"2026-04-06T19:48:46","modified_gmt":"2026-04-06T19:48:46","slug":"balanse-naturlig-vekstoljeblanding-av-druefro-og-avokado","status":"publish","type":"product","link":"https:\/\/yohannaa.com\/no\/shop\/harpleie\/sprayer-serum-og-oljer\/balanse-naturlig-vekstoljeblanding-av-druefro-og-avokado\/","title":{"rendered":"Balanse! &#8211; Naturlig vekstoljeblanding av druefr\u00f8 og avokado"},"content":{"rendered":"<div class=\"wt-collapse__trigger wt-collapse__trigger--active\" tabindex=\"0\" role=\"button\" data-open=\"true\" aria-expanded=\"true\" aria-controls=\"Description-description\">\n<div class=\"wt-collapse__trigger__text\">\n<h2 class=\"wt-collapse__trigger__title\">Beskrivelse:<\/h2>\n<\/div>\n<\/div>\n<div id=\"Description-description\" class=\"wt-collapse__target\">\n<div class=\"wt-collapse__target--text\">\n<p>Por\u00f8sitet handler om h\u00e5rets evne til \u00e5 absorbere fuktighet. Problemer som brudd og skader, eller slapt, livl\u00f8st h\u00e5r kan oppst\u00e5 n\u00e5r por\u00f8sitetsniv\u00e5et er for h\u00f8yt (h\u00e5ret absorberer produkter, men blir raskt t\u00f8rt igjen), eller for lavt (h\u00e5ret har mye oppbygging fordi det ikke absorberer produkter s\u00e5 lett). Tante Jackies Balance! Grapeseed &amp; Avocado therapy er en flott l\u00f8sning for \u00e5 balansere por\u00f8sitetsniv\u00e5et ditt. Pr\u00f8v den ogs\u00e5 som en &laquo;pre-poo&raquo; (f\u00f8r sjampo) for \u00e5 forbedre strekkstyrken!    <\/p>\n<\/div>\n<\/div>\n<div class=\"wt-collapse__trigger wt-collapse__trigger--active\" tabindex=\"0\" role=\"button\" data-open=\"false\" aria-expanded=\"true\" aria-controls=\"CollapsibleTab-collapsible_tab_VWhcaD\">\n<div class=\"wt-collapse__trigger__text\">\n<h2 class=\"wt-collapse__trigger__title\">Slik bruker du den:<\/h2>\n<\/div>\n<\/div>\n<div id=\"CollapsibleTab-collapsible_tab_VWhcaD\" class=\"wt-collapse__target\">\n<div class=\"wt-collapse__target--text rte\">\n<p><span class=\"metafield-multi_line_text_field\">Hell en kvart mengde i h\u00e5nden og gni h\u00e5ndflatene sammen. Mass\u00e9r inn i hodebunnen og h\u00e5ret, fra r\u00f8ttene til endene. Kam eller b\u00f8rst forsiktig gjennom, og fordel jevnt. P\u00e5f\u00f8r mer etter behov.   <\/p>\n<p>Som en Pre-Poo-behandling, mett h\u00e5ret og masser oljen inn i h\u00e5r og hodebunn. Dekk til h\u00e5ret med en plasthette i 30 minutter, og sjamponer deretter. <\/span><\/p>\n<\/div>\n<\/div>\n<div class=\"wt-collapse__trigger wt-collapse__trigger--active\" tabindex=\"0\" role=\"button\" data-open=\"false\" aria-expanded=\"true\" aria-controls=\"CollapsibleTab-collapsible_tab_Q7UFgL\">\n<div class=\"wt-collapse__trigger__text\">\n<h2 class=\"wt-collapse__trigger__title\">Ingredienser:<\/h2>\n<\/div>\n<\/div>\n<div id=\"CollapsibleTab-collapsible_tab_Q7UFgL\" class=\"wt-collapse__target\">\n<div class=\"wt-collapse__target--text rte\">\n<p><span class=\"metafield-multi_line_text_field\">Ricinus Communis (Castor) Seed Oil, Glycine Soja (Soyab\u00f8nne) Oil, Cocos Nucifera (Kokosn\u00f8tt) Oil, C9-12 Alkane, C12-15 Alkyl Benzoate, Persea Gratissima (Avokado) Oil, Vitis Vinifera (Drue) Seed Oil, Parfyme, difenylsiloksyfenyltrimetikon, tokoferol, TBHQ, Aloe Barbadensis-bladekstrakt, Daucus Carota Sativa-rotekstrakt, Aqua, hydrolysert keratin, sitronsyre, limonen, benzylbenzoat, linalool<\/span><\/p>\n<\/div>\n<\/div>\n","protected":false},"excerpt":{"rendered":"<ul class=\"wt-product__features__list\">\n<li class=\"wt-product__features__item\">Lett oljeterapi som bidrar til \u00e5 styrke h\u00e5ret<\/li>\n<li class=\"wt-product__features__item\">Behandling f\u00f8r sjamponering<\/li>\n<li class=\"wt-product__features__item\">Bidrar til \u00e5 balansere por\u00f8sitetsniv\u00e5et for \u00e5 bekjempe t\u00f8rrhet og brudd<\/li>\n<\/ul>\n","protected":false},"featured_media":10282,"comment_status":"open","ping_status":"closed","template":"","meta":[],"product_brand":[],"product_cat":[1511],"product_tag":[],"class_list":{"0":"post-10287","1":"product","2":"type-product","3":"status-publish","4":"has-post-thumbnail","6":"product_cat-sprayer-serum-og-oljer","8":"first","9":"instock","10":"shipping-taxable","11":"purchasable","12":"product-type-simple"},"_links":{"self":[{"href":"https:\/\/yohannaa.com\/no\/wp-json\/wp\/v2\/product\/10287","targetHints":{"allow":["GET"]}}],"collection":[{"href":"https:\/\/yohannaa.com\/no\/wp-json\/wp\/v2\/product"}],"about":[{"href":"https:\/\/yohannaa.com\/no\/wp-json\/wp\/v2\/types\/product"}],"replies":[{"embeddable":true,"href":"https:\/\/yohannaa.com\/no\/wp-json\/wp\/v2\/comments?post=10287"}],"wp:featuredmedia":[{"embeddable":true,"href":"https:\/\/yohannaa.com\/no\/wp-json\/wp\/v2\/media\/10282"}],"wp:attachment":[{"href":"https:\/\/yohannaa.com\/no\/wp-json\/wp\/v2\/media?parent=10287"}],"wp:term":[{"taxonomy":"product_brand","embeddable":true,"href":"https:\/\/yohannaa.com\/no\/wp-json\/wp\/v2\/product_brand?post=10287"},{"taxonomy":"product_cat","embeddable":true,"href":"https:\/\/yohannaa.com\/no\/wp-json\/wp\/v2\/product_cat?post=10287"},{"taxonomy":"product_tag","embeddable":true,"href":"https:\/\/yohannaa.com\/no\/wp-json\/wp\/v2\/product_tag?post=10287"}],"curies":[{"name":"wp","href":"https:\/\/api.w.org\/{rel}","templated":true}]}}