{"id":10272,"date":"2026-04-06T18:58:41","date_gmt":"2026-04-06T18:58:41","guid":{"rendered":"https:\/\/yohannaa.com\/shop\/ukategorisert\/repair-my-hair-argan-natural-growth-oil-blend\/"},"modified":"2026-04-06T18:58:41","modified_gmt":"2026-04-06T18:58:41","slug":"repair-my-hair-argan-natural-growth-oil-blend","status":"publish","type":"product","link":"https:\/\/yohannaa.com\/no\/shop\/harpleie\/sprayer-serum-og-oljer\/repair-my-hair-argan-natural-growth-oil-blend\/","title":{"rendered":"Repair My Hair &#8211; Argan Natural Growth Oil Blend"},"content":{"rendered":"<div class=\"wt-collapse__trigger wt-collapse__trigger--active\" tabindex=\"0\" role=\"button\" data-open=\"true\" aria-expanded=\"true\" aria-controls=\"Description-description\">\n<div class=\"wt-collapse__trigger__text\">\n<h2 class=\"wt-collapse__trigger__title\">Beskrivelse:<\/h2>\n<\/div>\n<\/div>\n<div id=\"Description-description\" class=\"wt-collapse__target\">\n<div class=\"wt-collapse__target--text\">\n<p>Denne bemerkelsesverdige, naturlige vekstoljeblandingen er tilsatt vitaminer og er beriket med b\u00e6reroljer som er kjent for \u00e5 korrigere og forebygge brudd og skader, samtidig som den bidrar til \u00e5 redusere uttynning og r\u00f8yting. Denne lette oljen er et utmerket middel for \u00e5 behandle kl\u00f8yvde tupper og gi h\u00e5ret ny glans og vitalitet. <\/p>\n<\/div>\n<\/div>\n<div class=\"wt-collapse__trigger wt-collapse__trigger--active\" tabindex=\"0\" role=\"button\" data-open=\"false\" aria-expanded=\"true\" aria-controls=\"CollapsibleTab-collapsible_tab_VWhcaD\">\n<div class=\"wt-collapse__trigger__text\">\n<h2 class=\"wt-collapse__trigger__title\">Slik bruker du den:<\/h2>\n<\/div>\n<\/div>\n<div id=\"CollapsibleTab-collapsible_tab_VWhcaD\" class=\"wt-collapse__target\">\n<div class=\"wt-collapse__target--text rte\">\n<p><span class=\"metafield-multi_line_text_field\">Hell en kvart mengde i h\u00e5nden og gni h\u00e5ndflatene sammen. Mass\u00e9r inn i hodebunnen og h\u00e5ret, fra r\u00f8ttene til endene. Kam eller b\u00f8rst forsiktig gjennom, og fordel jevnt. P\u00e5f\u00f8r mer etter behov. P\u00e5f\u00f8r og dekk til h\u00e5ret med en plasthette som en anti-skadebehandling. Fjern hetten etter 10 minutter og skyll grundig.     <\/span><\/p>\n<\/div>\n<\/div>\n<div class=\"wt-collapse__trigger wt-collapse__trigger--active\" tabindex=\"0\" role=\"button\" data-open=\"false\" aria-expanded=\"true\" aria-controls=\"CollapsibleTab-collapsible_tab_Q7UFgL\">\n<div class=\"wt-collapse__trigger__text\">\n<h2 class=\"wt-collapse__trigger__title\">Ingredienser:<\/h2>\n<\/div>\n<\/div>\n<div id=\"CollapsibleTab-collapsible_tab_Q7UFgL\" class=\"wt-collapse__target\">\n<div class=\"wt-collapse__target--text rte\">\n<p><span class=\"metafield-multi_line_text_field\">Ricinus Communis (Castor) Seed Oil, Cocos Nucifera (Cocos Nucifera) Oil, Glycine Soja (Soybean) Oil, C12-15 Alkyl Benzoate, C9-12 Alkane, Parfum, Diphenylsiloxy Phenyl Trimethicone, Argania Spinosa (Argan) Kernel Oil, TBHQ, Daucus Carota Sativa Root Extract, sitronsyre, limonen, heksylkinnamal, linalool, amylkinnamal, butylfenylmetylpropional, benzylalkohol, sitronellol, hydroksykitronellal, kanelalkohol<\/span><\/p>\n<\/div>\n<\/div>\n","protected":false},"excerpt":{"rendered":"<ul class=\"wt-product__features__list\">\n<li class=\"wt-product__features__item\">Lett oljeterapi som forebygger skader og brudd<\/li>\n<li class=\"wt-product__features__item\">Bidrar til \u00e5 redusere uttynning og r\u00f8yting<\/li>\n<li class=\"wt-product__features__item\">Stimulerer til sunnere h\u00e5rvekst<\/li>\n<\/ul>\n","protected":false},"featured_media":10280,"comment_status":"open","ping_status":"closed","template":"","meta":[],"product_brand":[],"product_cat":[1511],"product_tag":[],"class_list":{"0":"post-10272","1":"product","2":"type-product","3":"status-publish","4":"has-post-thumbnail","6":"product_cat-sprayer-serum-og-oljer","8":"first","9":"outofstock","10":"shipping-taxable","11":"purchasable","12":"product-type-simple"},"_links":{"self":[{"href":"https:\/\/yohannaa.com\/no\/wp-json\/wp\/v2\/product\/10272","targetHints":{"allow":["GET"]}}],"collection":[{"href":"https:\/\/yohannaa.com\/no\/wp-json\/wp\/v2\/product"}],"about":[{"href":"https:\/\/yohannaa.com\/no\/wp-json\/wp\/v2\/types\/product"}],"replies":[{"embeddable":true,"href":"https:\/\/yohannaa.com\/no\/wp-json\/wp\/v2\/comments?post=10272"}],"wp:featuredmedia":[{"embeddable":true,"href":"https:\/\/yohannaa.com\/no\/wp-json\/wp\/v2\/media\/10280"}],"wp:attachment":[{"href":"https:\/\/yohannaa.com\/no\/wp-json\/wp\/v2\/media?parent=10272"}],"wp:term":[{"taxonomy":"product_brand","embeddable":true,"href":"https:\/\/yohannaa.com\/no\/wp-json\/wp\/v2\/product_brand?post=10272"},{"taxonomy":"product_cat","embeddable":true,"href":"https:\/\/yohannaa.com\/no\/wp-json\/wp\/v2\/product_cat?post=10272"},{"taxonomy":"product_tag","embeddable":true,"href":"https:\/\/yohannaa.com\/no\/wp-json\/wp\/v2\/product_tag?post=10272"}],"curies":[{"name":"wp","href":"https:\/\/api.w.org\/{rel}","templated":true}]}}