{"id":10259,"date":"2026-04-06T15:11:21","date_gmt":"2026-04-06T15:11:21","guid":{"rendered":"https:\/\/yohannaa.com\/shop\/ukategorisert\/saw-palmetto-jamaican-black-castor-grapeseed-oil-elixir-hair-scalp-oil\/"},"modified":"2026-04-06T15:31:14","modified_gmt":"2026-04-06T15:31:14","slug":"saw-palmetto-jamaican-black-castor-grapeseed-oil-elixir-hair-scalp-oil","status":"publish","type":"product","link":"https:\/\/yohannaa.com\/no\/shop\/harpleie\/sprayer-serum-og-oljer\/saw-palmetto-jamaican-black-castor-grapeseed-oil-elixir-hair-scalp-oil\/","title":{"rendered":"Saw Palmetto, Jamaican Black Castor &amp; Grapeseed Oil Elixir Hair &amp; Scalp Oil"},"content":{"rendered":"<div class=\"wt-collapse__trigger wt-collapse__trigger--active\" tabindex=\"0\" role=\"button\" data-open=\"true\" aria-expanded=\"true\" aria-controls=\"Description-description\">\n<div class=\"wt-collapse__trigger__text\">\n<h2 class=\"wt-collapse__trigger__title\">Beskrivelse:<\/h2>\n<\/div>\n<\/div>\n<div id=\"Description-description\" class=\"wt-collapse__target\">\n<div class=\"wt-collapse__target--text\">\n<p>Aunt Jackie&#8217;s Curls &amp; Coils Elixir Essentials er en h\u00e5r- og hodebunnsolje tilsatt f\u00f8rsteklasses naturlige oljer for \u00e5 l\u00f8se dine st\u00f8rste h\u00e5rutfordringer. Den er formulert med spesielle ingredienser som sagpalme, jamaicansk svart ricinusolje og vindruekjerneolje for \u00e5 bevare h\u00e5rets lengde, gi n\u00e6ring til h\u00e5rstr\u00e5ene, gj\u00f8re dem tykkere og forsegle fuktighet for \u00e5 forbedre h\u00e5rets og hodebunnens helse. Denne lette oljen gir en kj\u00f8lende f\u00f8lelse som beroliger hodebunnen og gir de essensielle pleieelementene du \u00f8nsker for \u00e5 oppn\u00e5 sunt h\u00e5r.  <\/p>\n<\/div>\n<\/div>\n<div class=\"wt-collapse__trigger wt-collapse__trigger--active\" tabindex=\"0\" role=\"button\" data-open=\"false\" aria-expanded=\"true\" aria-controls=\"CollapsibleTab-collapsible_tab_VWhcaD\">\n<div class=\"wt-collapse__trigger__text\">\n<h2 class=\"wt-collapse__trigger__title\">Slik bruker du den:<\/h2>\n<\/div>\n<\/div>\n<div id=\"CollapsibleTab-collapsible_tab_VWhcaD\" class=\"wt-collapse__target\">\n<div class=\"wt-collapse__target--text rte\">\n<p><span class=\"metafield-multi_line_text_field\">Bruk pipetten til \u00e5 p\u00e5f\u00f8re \u00f8nsket mengde i hodebunnen. Masser oljen inn i hodebunnen og h\u00e5ret med fingrene. Ingen skylling er n\u00f8dvendig. Brukes mellom h\u00e5rvask og mens du bruker beskyttende frisyrer, inkludert fletter, hekler og innsydde fletter.   <\/span><\/p>\n<\/div>\n<\/div>\n<div class=\"wt-collapse__trigger wt-collapse__trigger--active\" tabindex=\"0\" role=\"button\" data-open=\"false\" aria-expanded=\"true\" aria-controls=\"CollapsibleTab-collapsible_tab_Q7UFgL\">\n<div class=\"wt-collapse__trigger__text\">\n<h2 class=\"wt-collapse__trigger__title\">Ingredienser:<\/h2>\n<\/div>\n<\/div>\n<div id=\"CollapsibleTab-collapsible_tab_Q7UFgL\" class=\"wt-collapse__target\">\n<div class=\"wt-collapse__target--text rte\">\n<p><span class=\"metafield-multi_line_text_field\">Glycine Soja (soya) olje, Ricinus Communis (ricinus) fr\u00f8olje, mentol, Citrus Reticulata (mandarin) skallolje, Mentha Piperita (peppermynte) olje, Eucalyptus Globolus (eukalyptus) bladolje, biotin, Cocos Nucifera (kokosn\u00f8tt) olje, Oenothera Biennis (nattlysolje), Vitis Vinifera (druefr\u00f8olje), Simmondsia Chinensis (jojobafr\u00f8olje), Lavandula Angustifolia (lavendelolje), isostearoylhydrolysert kollagen, isostearinsyre, retinylpalmitat, Oryza Sativa (riskliolje), Rosmarinus Officinalis (rosmarin) bladolje, Salvia Officinalis (salvie) olje, Carthamus Tinctorius (saflor) fr\u00f8olje, Prunus Amygdalus Dulcis (s\u00f8t mandelolje), tetraheksyldekylaskorbat, Melalueca Alternifolia (Tea Tree) Leaf Oil, Tocopheryl Acetate, Arctium Lappa Root Extract, Apium Graveolens (Selleri) Seed Extract, Equisetum Arvense Extract, Aloe Barbadensis Extract, Urtica Dioica (Nettle) Extract, Serenoa Semulata Fruit Extract<\/span><\/p>\n<\/div>\n<\/div>\n","protected":false},"excerpt":{"rendered":"<ul class=\"wt-product__features__list\">\n<li class=\"wt-product__features__item\">Bidrar til tykkere og fyldigere tr\u00e5der<\/li>\n<li class=\"wt-product__features__item\">Holder fuktighet og glans i h\u00e5rsekken<\/li>\n<li class=\"wt-product__features__item\">Beroliger hodebunnen med en kj\u00f8lende f\u00f8lelse<\/li>\n<\/ul>\n","protected":false},"featured_media":10265,"comment_status":"open","ping_status":"closed","template":"","meta":[],"product_brand":[],"product_cat":[1511,1622,1614],"product_tag":[],"class_list":{"0":"post-10259","1":"product","2":"type-product","3":"status-publish","4":"has-post-thumbnail","6":"product_cat-sprayer-serum-og-oljer","7":"product_cat-haroljer","8":"product_cat-serum-no","10":"first","11":"instock","12":"shipping-taxable","13":"purchasable","14":"product-type-simple"},"_links":{"self":[{"href":"https:\/\/yohannaa.com\/no\/wp-json\/wp\/v2\/product\/10259","targetHints":{"allow":["GET"]}}],"collection":[{"href":"https:\/\/yohannaa.com\/no\/wp-json\/wp\/v2\/product"}],"about":[{"href":"https:\/\/yohannaa.com\/no\/wp-json\/wp\/v2\/types\/product"}],"replies":[{"embeddable":true,"href":"https:\/\/yohannaa.com\/no\/wp-json\/wp\/v2\/comments?post=10259"}],"wp:featuredmedia":[{"embeddable":true,"href":"https:\/\/yohannaa.com\/no\/wp-json\/wp\/v2\/media\/10265"}],"wp:attachment":[{"href":"https:\/\/yohannaa.com\/no\/wp-json\/wp\/v2\/media?parent=10259"}],"wp:term":[{"taxonomy":"product_brand","embeddable":true,"href":"https:\/\/yohannaa.com\/no\/wp-json\/wp\/v2\/product_brand?post=10259"},{"taxonomy":"product_cat","embeddable":true,"href":"https:\/\/yohannaa.com\/no\/wp-json\/wp\/v2\/product_cat?post=10259"},{"taxonomy":"product_tag","embeddable":true,"href":"https:\/\/yohannaa.com\/no\/wp-json\/wp\/v2\/product_tag?post=10259"}],"curies":[{"name":"wp","href":"https:\/\/api.w.org\/{rel}","templated":true}]}}