{"id":10232,"date":"2026-04-05T21:46:54","date_gmt":"2026-04-05T21:46:54","guid":{"rendered":"https:\/\/yohannaa.com\/shop\/ukategorisert\/collagen-tea-tree-oil-eucalyptus-elixir-hair-scalp-oil\/"},"modified":"2026-04-05T21:46:54","modified_gmt":"2026-04-05T21:46:54","slug":"collagen-tea-tree-oil-eucalyptus-elixir-hair-scalp-oil","status":"publish","type":"product","link":"https:\/\/yohannaa.com\/no\/shop\/harpleie\/sprayer-serum-og-oljer\/collagen-tea-tree-oil-eucalyptus-elixir-hair-scalp-oil\/","title":{"rendered":"Collagen, Tea Tree Oil &amp; Eucalyptus Elixir Hair &amp; Scalp Oil"},"content":{"rendered":"<div class=\"wt-collapse__trigger wt-collapse__trigger--active\" tabindex=\"0\" role=\"button\" data-open=\"true\" aria-expanded=\"true\" aria-controls=\"Description-description\">\n<div class=\"wt-collapse__trigger__text\">\n<h2 class=\"wt-collapse__trigger__title\">Beskrivelse:<\/h2>\n<\/div>\n<\/div>\n<div id=\"Description-description\" class=\"wt-collapse__target\">\n<div class=\"wt-collapse__target--text\">\n<p>Aunt Jackie&#8217;s Curls &amp; Coils Elixir Essentials er en h\u00e5r- og hodebunnsolje tilsatt f\u00f8rsteklasses naturlige oljer for \u00e5 l\u00f8se dine st\u00f8rste h\u00e5rutfordringer. Den er formulert med spesielle ingredienser som kollagen, tea tree-olje og eukalyptus for \u00e5 gi fuktighet til t\u00f8rr hodebunn, lindre kl\u00f8e i hodebunnen og forsegle fuktighet for \u00e5 forbedre h\u00e5rets og hodebunnens helse. Denne lette oljen gir en kj\u00f8lende f\u00f8lelse som beroliger hodebunnen og tilf\u00f8rer de essensielle pleieelementene du \u00f8nsker for \u00e5 oppn\u00e5 sunt h\u00e5r.  <\/p>\n<\/div>\n<\/div>\n<div class=\"wt-collapse__trigger wt-collapse__trigger--active\" tabindex=\"0\" role=\"button\" data-open=\"false\" aria-expanded=\"true\" aria-controls=\"CollapsibleTab-collapsible_tab_VWhcaD\">\n<div class=\"wt-collapse__trigger__text\">\n<h2 class=\"wt-collapse__trigger__title\">Slik bruker du den:<\/h2>\n<\/div>\n<\/div>\n<div id=\"CollapsibleTab-collapsible_tab_VWhcaD\" class=\"wt-collapse__target\">\n<div class=\"wt-collapse__target--text rte\">\n<p><span class=\"metafield-multi_line_text_field\">Bruk pipetten til \u00e5 p\u00e5f\u00f8re \u00f8nsket mengde i hodebunnen. Masser oljen inn i hodebunnen og h\u00e5ret med fingrene. Ingen skylling er n\u00f8dvendig. Brukes mellom h\u00e5rvask og mens du bruker beskyttende frisyrer, inkludert fletter, hekler og innsydde fletter.   <\/span><\/p>\n<\/div>\n<\/div>\n<div class=\"wt-collapse__trigger wt-collapse__trigger--active\" tabindex=\"0\" role=\"button\" data-open=\"false\" aria-expanded=\"true\" aria-controls=\"CollapsibleTab-collapsible_tab_Q7UFgL\">\n<div class=\"wt-collapse__trigger__text\">\n<h2 class=\"wt-collapse__trigger__title\">Ingredienser:<\/h2>\n<\/div>\n<\/div>\n<div id=\"CollapsibleTab-collapsible_tab_Q7UFgL\" class=\"wt-collapse__target\">\n<div class=\"wt-collapse__target--text rte\">\n<p><span class=\"metafield-multi_line_text_field\">Glycine Soja (soyaolje), Ricinus Communis (ricinusolje), Mentha Piperita (peppermynteolje), Mentol, Eucalyptus Globolus (eukalyptusolje), Melalueca Alternifolia (tea tree-olje), Rosmarinus Officinalis (rosmarin) bladolje, Cocos Nucifera (kokosn\u00f8tt) olje, Lavandula Angustifolia (lavendel) olje, Simmondsia Chinensis (jojoba) fr\u00f8olje, Carthamus Tinctorius (saflor) fr\u00f8olje, Vitis Vinifera (drue) fr\u00f8olje, Prunus Amygdalus Dulcis (s\u00f8t mandelolje), Oryza Sativa (riskliolje), Salvia Officinalis (salvieolje), Oenothera Biennis (nattlysolje), tokoferylacetat, retinylpalmitat, biotin, isostearoylhydrolysert kollagen, Tetraheksyldecylaskorbat, Arctium Lappa rotekstrakt, Urtica Dioica (brennesle) ekstrakt, Aloe Barbadensis ekstrakt, Apium Graveolens (selleri) fr\u00f8ekstrakt, Serenoa Serrulata fruktekstrakt, Equisetum Arvense ekstrakt<\/span><\/p>\n<\/div>\n<\/div>\n","protected":false},"excerpt":{"rendered":"<ul class=\"wt-product__features__list\">\n<li class=\"wt-product__features__item\">Beroliger og lindrer t\u00f8rr, kl\u00f8ende hodebunn<\/li>\n<li class=\"wt-product__features__item\">Holder p\u00e5 fuktigheten for et generelt sunt h\u00e5r<\/li>\n<li class=\"wt-product__features__item\">Bidrar til \u00e5 forhindre brekkasje og st\u00f8tter tykkere h\u00e5rstr\u00e5<\/li>\n<\/ul>\n","protected":false},"featured_media":10226,"comment_status":"open","ping_status":"closed","template":"","meta":[],"product_brand":[],"product_cat":[1511],"product_tag":[],"class_list":{"0":"post-10232","1":"product","2":"type-product","3":"status-publish","4":"has-post-thumbnail","6":"product_cat-sprayer-serum-og-oljer","8":"first","9":"instock","10":"shipping-taxable","11":"purchasable","12":"product-type-simple"},"_links":{"self":[{"href":"https:\/\/yohannaa.com\/no\/wp-json\/wp\/v2\/product\/10232","targetHints":{"allow":["GET"]}}],"collection":[{"href":"https:\/\/yohannaa.com\/no\/wp-json\/wp\/v2\/product"}],"about":[{"href":"https:\/\/yohannaa.com\/no\/wp-json\/wp\/v2\/types\/product"}],"replies":[{"embeddable":true,"href":"https:\/\/yohannaa.com\/no\/wp-json\/wp\/v2\/comments?post=10232"}],"wp:featuredmedia":[{"embeddable":true,"href":"https:\/\/yohannaa.com\/no\/wp-json\/wp\/v2\/media\/10226"}],"wp:attachment":[{"href":"https:\/\/yohannaa.com\/no\/wp-json\/wp\/v2\/media?parent=10232"}],"wp:term":[{"taxonomy":"product_brand","embeddable":true,"href":"https:\/\/yohannaa.com\/no\/wp-json\/wp\/v2\/product_brand?post=10232"},{"taxonomy":"product_cat","embeddable":true,"href":"https:\/\/yohannaa.com\/no\/wp-json\/wp\/v2\/product_cat?post=10232"},{"taxonomy":"product_tag","embeddable":true,"href":"https:\/\/yohannaa.com\/no\/wp-json\/wp\/v2\/product_tag?post=10232"}],"curies":[{"name":"wp","href":"https:\/\/api.w.org\/{rel}","templated":true}]}}