{"id":10220,"date":"2026-04-05T20:51:24","date_gmt":"2026-04-05T20:51:24","guid":{"rendered":"https:\/\/yohannaa.com\/shop\/ukategorisert\/aunt-jackies-knot-havin-it-leave-in-ultimate-detangling-moisturizer\/"},"modified":"2026-04-05T20:51:24","modified_gmt":"2026-04-05T20:51:24","slug":"aunt-jackies-knot-havin-it-leave-in-ultimate-detangling-moisturizer","status":"publish","type":"product","link":"https:\/\/yohannaa.com\/no\/shop\/andre\/aunt-jackies-knot-havin-it-leave-in-ultimate-detangling-moisturizer\/","title":{"rendered":"Aunt Jackie&#8217;s Knot Havin&#8217; It Leave-In Ultimate Detangling Moisturizer"},"content":{"rendered":"<div class=\"wt-collapse__trigger wt-collapse__trigger--active\" tabindex=\"0\" role=\"button\" data-open=\"true\" aria-expanded=\"true\" aria-controls=\"Description-description\">\n<div class=\"wt-collapse__trigger__text\">\n<h2 class=\"wt-collapse__trigger__title\">Beskrivelse:<\/h2>\n<\/div>\n<\/div>\n<div id=\"Description-description\" class=\"wt-collapse__target\">\n<div class=\"wt-collapse__target--text\">\n<p>Knuter og floker, g\u00e5 av! Tante Jackies superglatte og fuktighetsbevarende l\u00f8semiddel er her. Enkel kaming for mamma og ingen t\u00e5rer for de sm\u00e5! Bare litt er nok til mye. Denne alt-i-ett-l\u00f8sningen, leave-in balsam og fuktighetskrem l\u00f8sner \u00f8yeblikkelig knuter og floker for lettere h\u00e5ndtering og kaming. Fuktighetsbevarende stoffer bidrar til \u00e5 gi h\u00e5ret langvarig fuktighet. Laget med naturlige oljer som bidrar til \u00e5 styrke og forbedre elastisiteten.      <\/p>\n<div class=\"wt-collapse__trigger wt-collapse__trigger--active\" tabindex=\"0\" role=\"button\" data-open=\"false\" aria-expanded=\"true\" aria-controls=\"CollapsibleTab-collapsible_tab_VWhcaD\">\n<div class=\"wt-collapse__trigger__text\">\n<h2 class=\"wt-collapse__trigger__title\">Slik bruker du den:<\/h2>\n<\/div>\n<\/div>\n<div id=\"CollapsibleTab-collapsible_tab_VWhcaD\" class=\"wt-collapse__target\">\n<div class=\"wt-collapse__target--text rte\">\n<p><span class=\"metafield-multi_line_text_field\">Mest effektiv n\u00e5r den brukes i fuktig, rent h\u00e5r. P\u00e5f\u00f8r en liten mengde i en h\u00e5rseksjon, og kam forsiktig gjennom med en bredtannet kam. Ikke trekk gjennom floker. P\u00e5f\u00f8r mer etter behov p\u00e5 problemomr\u00e5der, og kam deretter h\u00e5ret fra endene og forsiktig oppover mot r\u00f8ttene. Bruk en enda mindre mengde p\u00e5 rent, t\u00f8rt h\u00e5r.     Stil som vanlig.<\/span><\/p>\n<div class=\"wt-collapse__trigger wt-collapse__trigger--active\" tabindex=\"0\" role=\"button\" data-open=\"false\" aria-expanded=\"true\" aria-controls=\"CollapsibleTab-collapsible_tab_Q7UFgL\">\n<div class=\"wt-collapse__trigger__text\">\n<h2 class=\"wt-collapse__trigger__title\">Ingredienser:<\/h2>\n<\/div>\n<\/div>\n<div id=\"CollapsibleTab-collapsible_tab_Q7UFgL\" class=\"wt-collapse__target\">\n<div class=\"wt-collapse__target--text rte\">\n<p><span class=\"metafield-multi_line_text_field\">Aqua, propylenglykol, cetearylalkohol, butyrospermum parkii-sm\u00f8r, glyserin, polyquaternium-37, propylenglykoldikaprylat\/dikaprat, glycin sojaolje, cetylalkohol, behentrimoniummetosulfat, kokosn\u00f8ttolje, cyklopentasiloksan, difenylsiloksyfenyltrimetikon, Olea Europaea fruktolje, parfyme, Theobroma kakaofr\u00f8sm\u00f8r, Linum Usitatissimum fr\u00f8olje, akrylamidopropyltrimoniumklorid\/akrylamidkopolymer, PPG-1 trideceth-6, dehydroeddiksyre, tokoferol, sitronsyre, TBHQ, benzylalkohol, heksylcinnamal, r\u00f8d 33 (CI 17200)<\/span><\/p>\n<\/div>\n<\/div>\n<\/div>\n<\/div>\n<\/div>\n<\/div>\n","protected":false},"excerpt":{"rendered":"<ul class=\"wt-product__features__list\">\n<li class=\"wt-product__features__item\">L\u00f8sner h\u00e5ret \u00f8yeblikkelig og gj\u00f8r det lettere \u00e5 gre h\u00e5ret<\/li>\n<li class=\"wt-product__features__item\">Fuktighetsgivende og pleiende<\/li>\n<li class=\"wt-product__features__item\">Bidrar til \u00e5 styrke h\u00e5ret<\/li>\n<\/ul>\n","protected":false},"featured_media":10221,"comment_status":"open","ping_status":"closed","template":"","meta":[],"product_brand":[],"product_cat":[1646],"product_tag":[],"class_list":{"0":"post-10220","1":"product","2":"type-product","3":"status-publish","4":"has-post-thumbnail","6":"product_cat-andre","8":"first","9":"outofstock","10":"shipping-taxable","11":"purchasable","12":"product-type-simple"},"_links":{"self":[{"href":"https:\/\/yohannaa.com\/no\/wp-json\/wp\/v2\/product\/10220","targetHints":{"allow":["GET"]}}],"collection":[{"href":"https:\/\/yohannaa.com\/no\/wp-json\/wp\/v2\/product"}],"about":[{"href":"https:\/\/yohannaa.com\/no\/wp-json\/wp\/v2\/types\/product"}],"replies":[{"embeddable":true,"href":"https:\/\/yohannaa.com\/no\/wp-json\/wp\/v2\/comments?post=10220"}],"wp:featuredmedia":[{"embeddable":true,"href":"https:\/\/yohannaa.com\/no\/wp-json\/wp\/v2\/media\/10221"}],"wp:attachment":[{"href":"https:\/\/yohannaa.com\/no\/wp-json\/wp\/v2\/media?parent=10220"}],"wp:term":[{"taxonomy":"product_brand","embeddable":true,"href":"https:\/\/yohannaa.com\/no\/wp-json\/wp\/v2\/product_brand?post=10220"},{"taxonomy":"product_cat","embeddable":true,"href":"https:\/\/yohannaa.com\/no\/wp-json\/wp\/v2\/product_cat?post=10220"},{"taxonomy":"product_tag","embeddable":true,"href":"https:\/\/yohannaa.com\/no\/wp-json\/wp\/v2\/product_tag?post=10220"}],"curies":[{"name":"wp","href":"https:\/\/api.w.org\/{rel}","templated":true}]}}