{"id":10209,"date":"2026-02-05T19:59:22","date_gmt":"2026-02-05T19:59:22","guid":{"rendered":"https:\/\/yohannaa.com\/shop\/ukategorisert\/baby-curls-moisture-rich-curling-twisting-custard\/"},"modified":"2026-04-05T20:33:17","modified_gmt":"2026-04-05T20:33:17","slug":"baby-curls-moisture-rich-curling-twisting-custard","status":"publish","type":"product","link":"https:\/\/yohannaa.com\/no\/shop\/barn\/baby-curls-moisture-rich-curling-twisting-custard\/","title":{"rendered":"Aunt Jackie&#8217;s Baby Curls Moisture Rich Curling &amp; Twisting Custard"},"content":{"rendered":"<div class=\"wt-collapse__trigger wt-collapse__trigger--active\" tabindex=\"0\" role=\"button\" data-open=\"true\" aria-expanded=\"true\" aria-controls=\"Description-description\">\n<div class=\"wt-collapse__trigger__text\">\n<h2 class=\"wt-collapse__trigger__title\">Beskrivelse:<\/h2>\n<\/div>\n<\/div>\n<div id=\"Description-description\" class=\"wt-collapse__target\">\n<div class=\"wt-collapse__target--text\">\n<p>Denne fuktighetsrike kremen gir definisjon til kr\u00f8ller, spoler, b\u00f8lger, tvinn, fletter og fletter. Anti-frizz-formelen hjelper h\u00e5ret med \u00e5 holde seg veldefinert og spenstig. Den forlenger og gir kr\u00f8llene langvarig definisjon. H\u00e5ret f\u00f8les supermykt \u00e5 ta p\u00e5, uten en klissete, knasende f\u00f8lelse!   <\/p>\n<div class=\"wt-collapse__trigger wt-collapse__trigger--active\" tabindex=\"0\" role=\"button\" data-open=\"false\" aria-expanded=\"true\" aria-controls=\"CollapsibleTab-collapsible_tab_VWhcaD\">\n<div class=\"wt-collapse__trigger__text\">\n<h2 class=\"wt-collapse__trigger__title\">Slik bruker du den:<\/h2>\n<\/div>\n<\/div>\n<div id=\"CollapsibleTab-collapsible_tab_VWhcaD\" class=\"wt-collapse__target\">\n<div class=\"wt-collapse__target--text rte\">\n<p><span class=\"metafield-multi_line_text_field\">Brukes best i rent, fuktig eller h\u00e5ndklet\u00f8rket h\u00e5r. P\u00e5 tykt, grovt h\u00e5r, p\u00e5f\u00f8r sjener\u00f8st p\u00e5 deler av h\u00e5ret, fra r\u00f8ttene til endene. Bruk mindre p\u00e5 tynnere h\u00e5r og p\u00e5 t\u00f8rt h\u00e5r. Kam forsiktig gjennom hver seksjon. Styl h\u00e5ret som \u00f8nsket.    <\/span><\/p>\n<div class=\"wt-collapse__trigger wt-collapse__trigger--active\" tabindex=\"0\" role=\"button\" data-open=\"false\" aria-expanded=\"true\" aria-controls=\"CollapsibleTab-collapsible_tab_Q7UFgL\">\n<div class=\"wt-collapse__trigger__text\">\n<h2 class=\"wt-collapse__trigger__title\">Ingredienser:<\/h2>\n<\/div>\n<\/div>\n<div id=\"CollapsibleTab-collapsible_tab_Q7UFgL\" class=\"wt-collapse__target\">\n<div class=\"wt-collapse__target--text rte\">\n<p><span class=\"metafield-multi_line_text_field\">Aqua, propylenglykol, polyquaternium-37, propylenglykoldikaprylat\/diikaprat, glycin sojaolje, butyrospermum parkii-sm\u00f8r, glyserin, olea Europaea-fruktolje, cetylalkohol, dimetikon, kokosn\u00f8ttolje, lanolinolje, parfyme, PPG-1-trideceth-6, stearalkoniumklorid, Linum Usitatissimum-fr\u00f8olje, dehydroeddiksyre, akrylamidopropyltrimoniumklorid\/akrylamidkopolymer, tokoferol, cetearylalkohol, hydrolysert quinoa, butylenglykol, sitronsyre, fenoksyetanol, kaliumsorbat, TBHQ, etylheksylglyserin, benzylalkohol, heksylkinnamal, r\u00f8d 33 (CI 17200)<\/span><\/p>\n<\/div>\n<\/div>\n<\/div>\n<\/div>\n<\/div>\n<\/div>\n","protected":false},"excerpt":{"rendered":"<ul class=\"wt-product__features__list\">\n<li class=\"wt-product__features__item\">Definerer og forlenger kr\u00f8ller og kveiler<\/li>\n<li class=\"wt-product__features__item\">Glatter ut og bekjemper frizz<\/li>\n<li class=\"wt-product__features__item\">Etterlater h\u00e5ret mykt og spenstig<\/li>\n<\/ul>\n","protected":false},"featured_media":10210,"comment_status":"open","ping_status":"closed","template":"","meta":[],"product_brand":[],"product_cat":[1478,1618,1535,1877],"product_tag":[],"class_list":{"0":"post-10209","1":"product","2":"type-product","3":"status-publish","4":"has-post-thumbnail","6":"product_cat-barn","7":"product_cat-fuktighetsgivende-balsam","8":"product_cat-fuktighetskrem-for-barn","9":"product_cat-utjevnende-balsam","11":"first","12":"instock","13":"shipping-taxable","14":"purchasable","15":"product-type-simple"},"_links":{"self":[{"href":"https:\/\/yohannaa.com\/no\/wp-json\/wp\/v2\/product\/10209","targetHints":{"allow":["GET"]}}],"collection":[{"href":"https:\/\/yohannaa.com\/no\/wp-json\/wp\/v2\/product"}],"about":[{"href":"https:\/\/yohannaa.com\/no\/wp-json\/wp\/v2\/types\/product"}],"replies":[{"embeddable":true,"href":"https:\/\/yohannaa.com\/no\/wp-json\/wp\/v2\/comments?post=10209"}],"wp:featuredmedia":[{"embeddable":true,"href":"https:\/\/yohannaa.com\/no\/wp-json\/wp\/v2\/media\/10210"}],"wp:attachment":[{"href":"https:\/\/yohannaa.com\/no\/wp-json\/wp\/v2\/media?parent=10209"}],"wp:term":[{"taxonomy":"product_brand","embeddable":true,"href":"https:\/\/yohannaa.com\/no\/wp-json\/wp\/v2\/product_brand?post=10209"},{"taxonomy":"product_cat","embeddable":true,"href":"https:\/\/yohannaa.com\/no\/wp-json\/wp\/v2\/product_cat?post=10209"},{"taxonomy":"product_tag","embeddable":true,"href":"https:\/\/yohannaa.com\/no\/wp-json\/wp\/v2\/product_tag?post=10209"}],"curies":[{"name":"wp","href":"https:\/\/api.w.org\/{rel}","templated":true}]}}