{"id":10201,"date":"2026-04-05T19:27:17","date_gmt":"2026-04-05T19:27:17","guid":{"rendered":"https:\/\/yohannaa.com\/shop\/ukategorisert\/curl-la-la-defining-curl-custard\/"},"modified":"2026-04-05T19:27:17","modified_gmt":"2026-04-05T19:27:17","slug":"curl-la-la-defining-curl-custard","status":"publish","type":"product","link":"https:\/\/yohannaa.com\/no\/shop\/hudpleie\/fuktighetsgivende-for-huden\/fuktighetsgivende-krem-og-gel\/curl-la-la-defining-curl-custard\/","title":{"rendered":"Curl La La Defining Curl Custard"},"content":{"rendered":"<div class=\"wt-collapse__trigger wt-collapse__trigger--active\" tabindex=\"0\" role=\"button\" data-open=\"true\" aria-expanded=\"true\" aria-controls=\"Description-description\">\n<div class=\"wt-collapse__trigger__text\">\n<h2 class=\"wt-collapse__trigger__title\">Beskrivelse:<\/h2>\n<h2 class=\"wt-collapse__trigger__title\"><span style=\"font-size: 16px;\">Si GOODBYE til krus, uregjerlige kr\u00f8ller eller livl\u00f8se spoler. Aunt Jackie&#8217;s Curl La La Defining Curl Custard gir langvarig kontroll og definisjon til kr\u00f8ller, spoler, b\u00f8lger, krusete h\u00e5r og fletter. Den er rik p\u00e5 fuktighet og inneholder naturlige ingredienser som gir sunnere kr\u00f8ller som ser sunnere ut og f\u00f8les bedre. Curl La La gir ikke oppbygging, flasser eller etterlater h\u00e5ret stivt og t\u00f8rt. Bruk litt eller mye for \u00e5 skape myke, langstrakte, sprettende kr\u00f8ller og b\u00f8lger, stramme, kr\u00f8llete kr\u00f8ller eller elastiske spoler.      <\/span><\/h2>\n<div class=\"wt-collapse__trigger wt-collapse__trigger--active\" tabindex=\"0\" role=\"button\" data-open=\"false\" aria-expanded=\"true\" aria-controls=\"CollapsibleTab-collapsible_tab_VWhcaD\">\n<div class=\"wt-collapse__trigger__text\">\n<h2 class=\"wt-collapse__trigger__title\">Slik bruker du den:<\/h2>\n<\/div>\n<\/div>\n<div id=\"CollapsibleTab-collapsible_tab_VWhcaD\" class=\"wt-collapse__target\">\n<div class=\"wt-collapse__target--text rte\">\n<p><span class=\"metafield-multi_line_text_field\">P\u00e5f\u00f8r sjener\u00f8st i v\u00e5tt eller t\u00f8rt h\u00e5r. Masser forsiktig inn i hodebunnen og arbeid gjennom h\u00e5ret fra r\u00f8ttene til endene. Style h\u00e5ret som \u00f8nsket. For stramme, knasende kr\u00f8ller eller spoler, f\u00f8nt\u00f8rk h\u00e5ret p\u00e5 en lett innstilling med en diffuser. For langstrakte, elastiske, sprettende kr\u00f8ller eller b\u00f8lger, p\u00e5f\u00f8r produktet og f\u00f8r h\u00e5ret p\u00e5 plass med fingrene mens du f\u00f8ner det p\u00e5 en lett innstilling, eller la h\u00e5ret luftt\u00f8rke.    <\/span><\/p>\n<div class=\"wt-collapse__trigger wt-collapse__trigger--active\" tabindex=\"0\" role=\"button\" data-open=\"false\" aria-expanded=\"true\" aria-controls=\"CollapsibleTab-collapsible_tab_Q7UFgL\">\n<div class=\"wt-collapse__trigger__text\">\n<h2 class=\"wt-collapse__trigger__title\">Ingredienser:<\/h2>\n<\/div>\n<\/div>\n<div id=\"CollapsibleTab-collapsible_tab_Q7UFgL\" class=\"wt-collapse__target\">\n<div class=\"wt-collapse__target--text rte\">\n<p><span class=\"metafield-multi_line_text_field\">Aqua\/vann, propylenglykol, polyquaternium-37, propylenglykoldikaprylat\/diakvaprat, butyrospermum parkii (sheasm\u00f8r), glycin sojaolje, glyserin, olea Europaea (olivenolje), Cetylalkohol, parfyme (duft), dimetikon, PPG-1 trideceth-6, stearalkoniumklorid, lanolinolje, akrylamidopropyltrimoniumklorid\/akrylamidkopolymer, dehydroeddiksyre, cetearylalkohol, C11-15-isoalkaner, hydrolysert quinoa, butylenglykol, sitronsyre, fenoksyetanol, kaliumsorbat, TBHQ, etylheksylglyserin, tokoferol, benzylalkohol, sitrus Aurantium Amara (appelsinskallolje), heksametylindanopyran, dimetylfenetylacetat, geranylacetat, limonen, heksylkinnamal, linalool, amylkinnamal, sitronellol, hydroksykitronellal, kanelalkohol, r\u00f8d 33 (CI 17200), bl\u00e5 1 (CI 42090)<\/span><\/p>\n<\/div>\n<\/div>\n<\/div>\n<\/div>\n<\/div>\n<\/div>\n","protected":false},"excerpt":{"rendered":"<ul class=\"wt-product__features__list\">\n<li class=\"wt-product__features__item\">Definerer, former og kontrollerer kr\u00f8llene<\/li>\n<li class=\"wt-product__features__item\">Fuktighetsgivende og gir glans<\/li>\n<li class=\"wt-product__features__item\">Brukes i v\u00e5tt eller t\u00f8rt h\u00e5r<\/li>\n<\/ul>\n","protected":false},"featured_media":10202,"comment_status":"open","ping_status":"closed","template":"","meta":[],"product_brand":[],"product_cat":[2027,1520,1469],"product_tag":[],"class_list":{"0":"post-10201","1":"product","2":"type-product","3":"status-publish","4":"has-post-thumbnail","6":"product_cat-fuktighetsgivende-krem-og-gel","7":"product_cat-fuktighetskremer-for-haret","8":"product_cat-harstyling","10":"first","11":"instock","12":"shipping-taxable","13":"purchasable","14":"product-type-simple"},"_links":{"self":[{"href":"https:\/\/yohannaa.com\/no\/wp-json\/wp\/v2\/product\/10201","targetHints":{"allow":["GET"]}}],"collection":[{"href":"https:\/\/yohannaa.com\/no\/wp-json\/wp\/v2\/product"}],"about":[{"href":"https:\/\/yohannaa.com\/no\/wp-json\/wp\/v2\/types\/product"}],"replies":[{"embeddable":true,"href":"https:\/\/yohannaa.com\/no\/wp-json\/wp\/v2\/comments?post=10201"}],"wp:featuredmedia":[{"embeddable":true,"href":"https:\/\/yohannaa.com\/no\/wp-json\/wp\/v2\/media\/10202"}],"wp:attachment":[{"href":"https:\/\/yohannaa.com\/no\/wp-json\/wp\/v2\/media?parent=10201"}],"wp:term":[{"taxonomy":"product_brand","embeddable":true,"href":"https:\/\/yohannaa.com\/no\/wp-json\/wp\/v2\/product_brand?post=10201"},{"taxonomy":"product_cat","embeddable":true,"href":"https:\/\/yohannaa.com\/no\/wp-json\/wp\/v2\/product_cat?post=10201"},{"taxonomy":"product_tag","embeddable":true,"href":"https:\/\/yohannaa.com\/no\/wp-json\/wp\/v2\/product_tag?post=10201"}],"curies":[{"name":"wp","href":"https:\/\/api.w.org\/{rel}","templated":true}]}}