{"id":10087,"date":"2025-05-22T08:11:24","date_gmt":"2025-05-22T08:11:24","guid":{"rendered":"https:\/\/yohannaa.com\/shop\/originals-africas-best-moisturizing-body-gloss\/"},"modified":"2025-05-22T08:11:24","modified_gmt":"2025-05-22T08:11:24","slug":"originals-africas-best-moisturizing-body-gloss","status":"publish","type":"product","link":"https:\/\/yohannaa.com\/no\/shop\/hudpleie\/originals-africas-best-moisturizing-body-gloss\/","title":{"rendered":"Originals Africas Best Moisturizing Body Gloss"},"content":{"rendered":"<p>Ultimate Originals Moisturizing Body Gloss er en seri\u00f8s terapi for kjedelig hud. Denne luksuri\u00f8se blandingen av eteriske oljer absorberes raskt, er lett og fuktighetsgivende, revitaliserer og helbreder t\u00f8rr, askete hud. Huden etterlates silkeaktig og myk med en vakker, polert gl\u00f8d.  <\/p>\n<p>FORDELER<\/p>\n<p>Tilf\u00f8rer fuktighet, revitaliserende<\/p>\n<p>INGREDIENSER<\/p>\n<p>Glycine Soja (soya) olje, Theobroma Cacao fr\u00f8sm\u00f8r, difenylsiloksyfenyltrimetikon, C9-12 alkan, parfyme, lanolinolje, TBHQ, Olea Europaea (oliven) fruktolje, sitronsyre, Butyrospermum Parkii (shea) sm\u00f8r, Panax Ginseng rotekstrakt, Prunus Amygdalus Dulcis (s\u00f8t mandel) olje, Cocos Nucifera (kokosn\u00f8tt) olje, Sesamum Indicum (sesam) fr\u00f8olje, Mustela olje, Eugenia Caryophyllus (nellik) bladolje, Eucalyptus Globulus bladolje, tokoferol, Aloe Barbadensis bladekstrakt, benzylbenzoat, limonen, heksylcinnamal, linalool, kumarin, amylcinnamal, gul 11 (CI 47000).<\/p>\n","protected":false},"excerpt":{"rendered":"<p>Ultimate Originals Moisturizing Body Gloss er en seri\u00f8s terapi for kjedelig hud. Denne luksuri\u00f8se blandingen av eteriske oljer absorberes raskt, er lett og fuktighetsgivende, revitaliserer og helbreder t\u00f8rr, askete hud. Huden etterlates silkeaktig og myk med en vakker, polert gl\u00f8d.  <\/p>\n","protected":false},"featured_media":10019,"comment_status":"open","ping_status":"closed","template":"","meta":[],"product_brand":[1314,1315],"product_cat":[1456,1524,1607],"product_tag":[],"class_list":{"0":"post-10087","1":"product","2":"type-product","3":"status-publish","4":"has-post-thumbnail","6":"product_brand-africas-best","7":"product_brand-africas-best-originals","8":"product_cat-hudpleie","9":"product_cat-fuktighetsgivende-for-huden","10":"product_cat-hudsprayer-og-oljer","12":"first","13":"instock","14":"shipping-taxable","15":"purchasable","16":"product-type-simple"},"_links":{"self":[{"href":"https:\/\/yohannaa.com\/no\/wp-json\/wp\/v2\/product\/10087","targetHints":{"allow":["GET"]}}],"collection":[{"href":"https:\/\/yohannaa.com\/no\/wp-json\/wp\/v2\/product"}],"about":[{"href":"https:\/\/yohannaa.com\/no\/wp-json\/wp\/v2\/types\/product"}],"replies":[{"embeddable":true,"href":"https:\/\/yohannaa.com\/no\/wp-json\/wp\/v2\/comments?post=10087"}],"wp:featuredmedia":[{"embeddable":true,"href":"https:\/\/yohannaa.com\/no\/wp-json\/wp\/v2\/media\/10019"}],"wp:attachment":[{"href":"https:\/\/yohannaa.com\/no\/wp-json\/wp\/v2\/media?parent=10087"}],"wp:term":[{"taxonomy":"product_brand","embeddable":true,"href":"https:\/\/yohannaa.com\/no\/wp-json\/wp\/v2\/product_brand?post=10087"},{"taxonomy":"product_cat","embeddable":true,"href":"https:\/\/yohannaa.com\/no\/wp-json\/wp\/v2\/product_cat?post=10087"},{"taxonomy":"product_tag","embeddable":true,"href":"https:\/\/yohannaa.com\/no\/wp-json\/wp\/v2\/product_tag?post=10087"}],"curies":[{"name":"wp","href":"https:\/\/api.w.org\/{rel}","templated":true}]}}