{"id":10086,"date":"2025-09-27T00:01:32","date_gmt":"2025-09-27T00:01:32","guid":{"rendered":"https:\/\/yohannaa.com\/shop\/ahu-red-onion-rosemary-hair-treatment-spray\/"},"modified":"2026-01-28T00:41:55","modified_gmt":"2026-01-28T00:41:55","slug":"ahu-red-onion-rosemary-hair-treatment-spray","status":"publish","type":"product","link":"https:\/\/yohannaa.com\/no\/shop\/harpleie\/sprayer-serum-og-oljer\/ahu-red-onion-rosemary-hair-treatment-spray\/","title":{"rendered":"AHU Red Onion &amp; Rosemary Hair Treatment Spray"},"content":{"rendered":"<p>AHU Red Onion &amp; Rosemary Hair Treatment Spray er beriket med botaniske ekstrakter, vitaminer og naturlig n\u00e6ring for \u00e5 hjelpe til med \u00e5 helbrede skadet og blokkert hodebunn som er utsatt for eksem, flass, sopp og psoriasis. Hjelper ogs\u00e5 kjedelig, tynt og livl\u00f8st h\u00e5r og skjegg med \u00e5 oppn\u00e5 mindre spaltede spisser, sterkere r\u00f8tter, forbedre h\u00e5rteksturen, eliminere flass, beskytte mot h\u00e5rbrudd, forbedre h\u00e5rets glans, gi intens fuktighet og fuktighet. <\/p>\n<p><strong>Bruksanvisning:<\/strong><br \/>\nSpray sjener\u00f8st i t\u00f8rt h\u00e5r og hodebunn. Lag skillevegger i h\u00e5ret for \u00e5 komme til i hodebunnen. Masser godt inn og p\u00e5f\u00f8r AHU Red Onion Hair Mask, la virke i 10-15 minutter. Vask deretter h\u00e5ret med AHU Red Onion Hair Shampoo og AHU Red Onion Hair Conditioner. Skyll h\u00e5ret godt med vann og avslutt med AHU Red Onion Hair Oil. Style h\u00e5ret som \u00f8nsket.     <\/p>\n<p><strong>R\u00f8dl\u00f8k &#8211; Forhindrer h\u00e5ravfall og fremmer h\u00e5rvekst<\/strong><br \/>\n<strong>Rosmarin &#8211; forbedrer sirkulasjonen i hodebunnen<\/strong><br \/>\n<strong>Svart fr\u00f8 &#8211; Forebygger flass<\/strong><br \/>\n<strong>Bukkehornkl\u00f8verfr\u00f8 &#8211; Forebygger for tidlig gr\u00e5tt h\u00e5r<\/strong><br \/>\n<strong>Aloe Vera &#8211; reparerer d\u00f8de hudceller i hodebunnen<\/strong><br \/>\n<strong>Nellik &#8211; renser og beroliger hodebunnen<\/strong><\/p>\n<p><strong>Ingredienser:<\/strong><br \/>\nAqua (vann), r\u00f8dl\u00f8kjuice, hibiskus, svartl\u00f8kekstrakt, bukkehornkl\u00f8verekstrakt, linfr\u00f8ekstrakt, sesamfr\u00f8ekstrakt, nellikfr\u00f8ekstrakt, rosmarinekstrakt, vitamin E, aloe vera-gel, aloe vera-juice, rosevann, eterisk olje<\/p>\n<p>&nbsp;<\/p>\n","protected":false},"excerpt":{"rendered":"<p>AHU Red Onion &amp; Rosemary Hair Treatment Spray er beriket med botaniske ekstrakter, vitaminer og naturlig n\u00e6ring for \u00e5 hjelpe til med \u00e5 helbrede skadet og blokkert hodebunn som er utsatt for eksem, flass, sopp og psoriasis. Hjelper ogs\u00e5 kjedelig, tynt og livl\u00f8st h\u00e5r og skjegg med \u00e5 oppn\u00e5 mindre spaltede spisser, sterkere r\u00f8tter, forbedre h\u00e5rteksturen, eliminere flass, beskytte mot h\u00e5rbrudd, forbedre h\u00e5rets glans, gi intens fuktighet og fuktighet. <\/p>\n","protected":false},"featured_media":10063,"comment_status":"open","ping_status":"closed","template":"","meta":[],"product_brand":[2150],"product_cat":[1511,1664],"product_tag":[],"class_list":{"0":"post-10086","1":"product","2":"type-product","3":"status-publish","4":"has-post-thumbnail","6":"product_brand-ahu","7":"product_cat-sprayer-serum-og-oljer","8":"product_cat-glansspray","10":"first","11":"instock","12":"featured","13":"shipping-taxable","14":"purchasable","15":"product-type-simple"},"_links":{"self":[{"href":"https:\/\/yohannaa.com\/no\/wp-json\/wp\/v2\/product\/10086","targetHints":{"allow":["GET"]}}],"collection":[{"href":"https:\/\/yohannaa.com\/no\/wp-json\/wp\/v2\/product"}],"about":[{"href":"https:\/\/yohannaa.com\/no\/wp-json\/wp\/v2\/types\/product"}],"replies":[{"embeddable":true,"href":"https:\/\/yohannaa.com\/no\/wp-json\/wp\/v2\/comments?post=10086"}],"wp:featuredmedia":[{"embeddable":true,"href":"https:\/\/yohannaa.com\/no\/wp-json\/wp\/v2\/media\/10063"}],"wp:attachment":[{"href":"https:\/\/yohannaa.com\/no\/wp-json\/wp\/v2\/media?parent=10086"}],"wp:term":[{"taxonomy":"product_brand","embeddable":true,"href":"https:\/\/yohannaa.com\/no\/wp-json\/wp\/v2\/product_brand?post=10086"},{"taxonomy":"product_cat","embeddable":true,"href":"https:\/\/yohannaa.com\/no\/wp-json\/wp\/v2\/product_cat?post=10086"},{"taxonomy":"product_tag","embeddable":true,"href":"https:\/\/yohannaa.com\/no\/wp-json\/wp\/v2\/product_tag?post=10086"}],"curies":[{"name":"wp","href":"https:\/\/api.w.org\/{rel}","templated":true}]}}