{"id":10085,"date":"2025-08-31T10:36:16","date_gmt":"2025-08-31T10:36:16","guid":{"rendered":"https:\/\/yohannaa.com\/shop\/sofnfree-curl-activator-lotion\/"},"modified":"2025-08-31T10:36:16","modified_gmt":"2025-08-31T10:36:16","slug":"sofnfree-curl-activator-lotion","status":"publish","type":"product","link":"https:\/\/yohannaa.com\/no\/shop\/harpleie\/fuktighetskremer-for-haret\/fuktighetsgivende-krem-og-lotion\/sofnfree-curl-activator-lotion\/","title":{"rendered":"Sofn&#8217;free Curl Activator Lotion"},"content":{"rendered":"<p>Sofn&#8217;free Curl Activator Lotion 2 in 1 reaktiverer kr\u00f8ller og b\u00f8lger og gir fuktighet til krusete og b\u00f8lgete h\u00e5r. Den erstatter fuktighet som g\u00e5r tapt gjennom permanent eller klimatiske forhold. Takket v\u00e6re den spesielle blandingen av panthenolprotein trenger du bare disse lotionene for \u00e5 ta vare p\u00e5 kr\u00f8llene og b\u00f8lgene dine.  <\/p>\n<p><span class=\"summary__title\"><span class=\"accordion__title\">Inhaltsstoffe &amp; Warnhinweise<\/span><\/span><\/p>\n<div class=\"accordion__content custom__liquid-template--23821443006728__main rte\">\n<p><span class=\"metafield-multi_line_text_field\">Vann (Aqua), glyserin, propylenglykol, behentrimoniummetosulfat (og) cetearylalkohol, PPG-10 cetyleter, cetearylalkohol, dimetikon, cyklometikon, isopropyllanolat,Propylparaben (og) Methylparaben (og) Ethylparaben (og) Butylparaben (og) Phenoxyethanol, Imidazolidinyl Urea, Fragrance(Parfum), TocopherylAcetate, Hydrolyzed Collagen, Panthenol,Triethanolamine.<\/span><\/p>\n<\/div>\n","protected":false},"excerpt":{"rendered":"<p>Sofn&#8217;free 2 in 1 reaktiverer kr\u00f8ller og b\u00f8lger og gir fuktighet til krusete og b\u00f8lgete h\u00e5r. Den erstatter fuktighet som g\u00e5r tapt gjennom permanent eller klimatiske forhold. Takket v\u00e6re den spesielle blandingen av panthenolprotein trenger du bare disse kremene for \u00e5 ta vare p\u00e5 kr\u00f8llene og b\u00f8lgene dine.  <\/p>\n","protected":false},"featured_media":10048,"comment_status":"open","ping_status":"closed","template":"","meta":[],"product_brand":[2184],"product_cat":[1521],"product_tag":[],"class_list":{"0":"post-10085","1":"product","2":"type-product","3":"status-publish","4":"has-post-thumbnail","6":"product_brand-sofrifree","7":"product_cat-fuktighetsgivende-krem-og-lotion","9":"first","10":"instock","11":"shipping-taxable","12":"purchasable","13":"product-type-variable"},"_links":{"self":[{"href":"https:\/\/yohannaa.com\/no\/wp-json\/wp\/v2\/product\/10085","targetHints":{"allow":["GET"]}}],"collection":[{"href":"https:\/\/yohannaa.com\/no\/wp-json\/wp\/v2\/product"}],"about":[{"href":"https:\/\/yohannaa.com\/no\/wp-json\/wp\/v2\/types\/product"}],"replies":[{"embeddable":true,"href":"https:\/\/yohannaa.com\/no\/wp-json\/wp\/v2\/comments?post=10085"}],"wp:featuredmedia":[{"embeddable":true,"href":"https:\/\/yohannaa.com\/no\/wp-json\/wp\/v2\/media\/10048"}],"wp:attachment":[{"href":"https:\/\/yohannaa.com\/no\/wp-json\/wp\/v2\/media?parent=10085"}],"wp:term":[{"taxonomy":"product_brand","embeddable":true,"href":"https:\/\/yohannaa.com\/no\/wp-json\/wp\/v2\/product_brand?post=10085"},{"taxonomy":"product_cat","embeddable":true,"href":"https:\/\/yohannaa.com\/no\/wp-json\/wp\/v2\/product_cat?post=10085"},{"taxonomy":"product_tag","embeddable":true,"href":"https:\/\/yohannaa.com\/no\/wp-json\/wp\/v2\/product_tag?post=10085"}],"curies":[{"name":"wp","href":"https:\/\/api.w.org\/{rel}","templated":true}]}}