{"id":10083,"date":"2025-05-22T09:09:13","date_gmt":"2025-05-22T09:09:13","guid":{"rendered":"https:\/\/yohannaa.com\/shop\/originals-africas-best-cocoa-butter-and-shea-butter-body-cream\/"},"modified":"2025-05-22T09:09:13","modified_gmt":"2025-05-22T09:09:13","slug":"originals-africas-best-cocoa-butter-and-shea-butter-body-cream","status":"publish","type":"product","link":"https:\/\/yohannaa.com\/no\/shop\/hudpleie\/fuktighetsgivende-for-huden\/originals-africas-best-cocoa-butter-and-shea-butter-body-cream\/","title":{"rendered":"Originals Africas Best Cocoa Butter and Shea Butter Body Cream"},"content":{"rendered":"<p>Originals Africas Best Cocoa Butter and Shea Butter Body Cream er bare for deg! hvis du f\u00f8ler at huden din er kjedelig, ujevn og vanskelig \u00e5 myke opp? Ultimate Originals trenger raskt inn i huden med en overlegen blanding av naturlige ingredienser som er avgj\u00f8rende for \u00e5 jevne ut ujevne omr\u00e5der som kn\u00e6r, f\u00f8tter, h\u00e6ler, albuer og hender, og etterlater huden din fl\u00f8yelsmyk, n\u00e6ret og med en vakker gl\u00f8d. Ved daglig bruk vil du merke en umiddelbar forskjell i hvordan Ultimate Originals Cocoa Butter &amp; Shea Butter Moisturising Body Cream mykgj\u00f8r huden din og lindrer t\u00f8rre, askete omr\u00e5der. Den er en utmerket behandling under ekstreme \u00e5rstidsforhold og for \u00e5 hjelpe til med \u00e5 viske ut urenheter og skjemmende arr eller merker.   <\/p>\n<p>FORDELER<\/p>\n<p>Gjenoppretter t\u00f8rr hud<\/p>\n<p>INGREDIENSER<\/p>\n<p>Vann, Glycine Soja (soyaolje), Theobroma Cacao fr\u00f8sm\u00f8r, hydrogenert soyaolje, glyserin, steareth-2, steareth-20, hydrogenert kokosn\u00f8ttolje, laneth-15, polyquaternium-37, difenylsiloksyfenyltrimetikon, propylenglykoldiaprylat\/diaplat, lanolinolje, parfyme, TBHQ, PPG-1 trideceth-6, dehydroeddiksyre, Butyrospermum Parkii (sheasm\u00f8r), sitronsyre, Panax Ginseng-rotekstrakt, Melaleuca Alternifolia (tea tree)-bladolje, tokoferol, Aloe Barbadensis-bladekstrakt, benzylalkohol, benzylbenzoat, limonen, heksylcinnamal, linalool, kumarin, amylcinnamal, gul 5 (CI 19140), bl\u00e5 1 (CI 42090), r\u00f8d 40 (CI 16035).<\/p>\n","protected":false},"excerpt":{"rendered":"<p>Sl\u00f8v, ujevn og vanskelig \u00e5 myke opp huden? Ultimate Originals Cocoa Butter &amp; Shea Butter Moisturizing Body Cream er akkurat noe for deg! Ultimate Originals trenger raskt inn i huden med en overlegen blanding av naturlige ingredienser som er avgj\u00f8rende for \u00e5 jevne ut ujevne omr\u00e5der som kn\u00e6r, f\u00f8tter, h\u00e6ler, albuer og hender, slik at huden f\u00f8les fl\u00f8yelsmyk, n\u00e6ret og med en vakker gl\u00f8d. Ved daglig bruk vil du merke en umiddelbar forskjell i hvordan Ultimate Originals Cocoa Butter &amp; Shea Butter Moisturizing Body Cream mykgj\u00f8r huden din og lindrer t\u00f8rre, askete omr\u00e5der. Den er en utmerket behandling under ekstreme \u00e5rstidsforhold og for \u00e5 hjelpe til med \u00e5 viske ut urenheter og skjemmende arr eller merker.    <\/p>\n","protected":false},"featured_media":10015,"comment_status":"open","ping_status":"closed","template":"","meta":[],"product_brand":[1314,1315],"product_cat":[1524,2027],"product_tag":[],"class_list":{"0":"post-10083","1":"product","2":"type-product","3":"status-publish","4":"has-post-thumbnail","6":"product_brand-africas-best","7":"product_brand-africas-best-originals","8":"product_cat-fuktighetsgivende-for-huden","9":"product_cat-fuktighetsgivende-krem-og-gel","11":"first","12":"instock","13":"shipping-taxable","14":"purchasable","15":"product-type-simple"},"_links":{"self":[{"href":"https:\/\/yohannaa.com\/no\/wp-json\/wp\/v2\/product\/10083","targetHints":{"allow":["GET"]}}],"collection":[{"href":"https:\/\/yohannaa.com\/no\/wp-json\/wp\/v2\/product"}],"about":[{"href":"https:\/\/yohannaa.com\/no\/wp-json\/wp\/v2\/types\/product"}],"replies":[{"embeddable":true,"href":"https:\/\/yohannaa.com\/no\/wp-json\/wp\/v2\/comments?post=10083"}],"wp:featuredmedia":[{"embeddable":true,"href":"https:\/\/yohannaa.com\/no\/wp-json\/wp\/v2\/media\/10015"}],"wp:attachment":[{"href":"https:\/\/yohannaa.com\/no\/wp-json\/wp\/v2\/media?parent=10083"}],"wp:term":[{"taxonomy":"product_brand","embeddable":true,"href":"https:\/\/yohannaa.com\/no\/wp-json\/wp\/v2\/product_brand?post=10083"},{"taxonomy":"product_cat","embeddable":true,"href":"https:\/\/yohannaa.com\/no\/wp-json\/wp\/v2\/product_cat?post=10083"},{"taxonomy":"product_tag","embeddable":true,"href":"https:\/\/yohannaa.com\/no\/wp-json\/wp\/v2\/product_tag?post=10083"}],"curies":[{"name":"wp","href":"https:\/\/api.w.org\/{rel}","templated":true}]}}