{"id":7390,"date":"2024-09-15T00:35:42","date_gmt":"2024-09-15T00:35:42","guid":{"rendered":"https:\/\/yohannaa.com\/vilkar-for-bruk\/"},"modified":"2024-11-02T23:07:21","modified_gmt":"2024-11-02T23:07:21","slug":"vilkar-for-bruk","status":"publish","type":"page","link":"https:\/\/yohannaa.com\/no\/vilkar-for-bruk\/","title":{"rendered":"Vilk\u00e5r for bruk"},"content":{"rendered":"\t\t<div data-elementor-type=\"wp-page\" data-elementor-id=\"7390\" class=\"elementor elementor-7390 elementor-4766\">\n\t\t\t\t<div class=\"elementor-element elementor-element-acf070b e-flex e-con-boxed e-con e-parent\" data-id=\"acf070b\" data-element_type=\"container\" data-e-type=\"container\" data-settings=\"{&quot;background_background&quot;:&quot;classic&quot;}\">\n\t\t\t\t\t<div class=\"e-con-inner\">\n\t\t\t\t<div class=\"elementor-element elementor-element-de716ff elementor-widget elementor-widget-heading\" data-id=\"de716ff\" data-element_type=\"widget\" data-e-type=\"widget\" data-widget_type=\"heading.default\">\n\t\t\t\t<div class=\"elementor-widget-container\">\n\t\t\t\t\t<h2 class=\"elementor-heading-title elementor-size-default\">Vilk\u00e5r og betingelser<\/h2>\t\t\t\t<\/div>\n\t\t\t\t<\/div>\n\t\t\t\t\t<\/div>\n\t\t\t\t<\/div>\n\t\t<div class=\"elementor-element elementor-element-43101e03 e-flex e-con-boxed e-con e-parent\" data-id=\"43101e03\" data-element_type=\"container\" data-e-type=\"container\">\n\t\t\t\t\t<div class=\"e-con-inner\">\n\t\t\t\t<div class=\"elementor-element elementor-element-492b9e15 elementor-widget elementor-widget-text-editor\" data-id=\"492b9e15\" data-element_type=\"widget\" data-e-type=\"widget\" data-widget_type=\"text-editor.default\">\n\t\t\t\t<div class=\"elementor-widget-container\">\n\t\t\t\t\t\t\t\t\t<p>Velkommen til Yohana. Vi er s\u00e5 glade for at du er her. Finn deg til rette og kos deg, men v\u00e6r s\u00e5 snill \u00e5 f\u00f8lge husreglene v\u00e5re.  <\/p>\n<h4>Aksepterer disse vilk\u00e5rene<\/h4>\n<p>Disse vilk\u00e5rene og betingelsene gjelder for bruk av www.yohannaa.com (&laquo;Yohana&raquo;) og er utformet for \u00e5 forklare noen av reglene vi opererer under, ved \u00e5 f\u00e5 tilgang til, surfe p\u00e5 &laquo;Yohana&raquo; og\/eller legge inn en bestilling, godtar du \u00e5 v\u00e6re bundet av vilk\u00e5rene og betingelsene som er angitt nedenfor. Begrepet &laquo;dette nettstedet&raquo; refererer til Yohana AS som handler som www.yohannaa.com <br \/>Hvis du ikke \u00f8nsker \u00e5 v\u00e6re juridisk bundet av disse vilk\u00e5rene og betingelsene, m\u00e5 du umiddelbart g\u00e5 ut av dette nettstedet og slette historikken v\u00e5r fra nettleseren din.<br \/>Hvis du har sp\u00f8rsm\u00e5l om vilk\u00e5rene og betingelsene for nettstedet v\u00e5rt, kan du kontakte v\u00e5r kundeservice p\u00e5 info@yohana.no<br \/>Takk for at du valgte www.yohannaa.com og velkommen! <\/p>\n<h4>Generell informasjon<\/h4>\n<p>Yohana er hostet, administrert og drevet av Yohana AS (registrert i Norge), Osterhausgate 5, 0183, Oslo; v\u00e5r e-postadresse er info@yohana.no. <br \/>Yohana AS forbeholder seg retten til \u00e5 endre disse vilk\u00e5rene og betingelsene n\u00e5r som helst uten varsel.<br \/>Du samtykker i at det er ditt ansvar \u00e5 sjekke dette nettstedet regelmessig for \u00e5 avgj\u00f8re om vilk\u00e5rene og betingelsene har blitt endret.<br \/>Du samtykker i \u00e5 ikke holde Yohana AS eller dets tredjepartsleverand\u00f8rer ansvarlig for eventuelle forsinkelser i forsendelsen og eller manglende &laquo;full tilfredsstillelse&raquo; eller for eventuelle tap som m\u00e5tte oppst\u00e5 som f\u00f8lge av dette.<\/p>\n<h4>Gj\u00f8r bestillingen din<\/h4>\n<p>Yohana vil generere et unikt ordrereferansenummer hver gang du legger inn en bestilling hos oss.<br \/>Alle bestillinger m\u00e5 legges inn og betales via &laquo;Denne nettsiden&raquo; og kan ikke kommuniseres muntlig. All kommunikasjon med deg (kunden) fra Beauty Logistics Limited vil skje via e-postadressen du har oppgitt, og du m\u00e5 bruke ditt unike ordrereferansenummer.<br \/>Hvis du ikke mottar en e-postbekreftelse etter at du har registrert deg eller lagt inn en bestilling, m\u00e5 du kontakte oss umiddelbart. Beauty logistics Limited er ikke ansvarlig dersom du ikke skulle motta e-post. Vennligst sjekk s\u00f8ppelpostboksen f\u00f8r du kontakter oss.<br \/>Hvis det skulle oppst\u00e5 problemer med bestillingen din, samtykker du i at Beauty Logistics Limited kan kontakte deg via telefon eller e-post og tilby deg alternative varer og\/eller tjenester.<br \/>De tekniske trinnene som kreves for \u00e5 opprette kontrakten mellom deg og oss, er som f\u00f8lger:<br \/>Velg og legg produktet\/produktene dine i &laquo;Handlekurven&raquo;, velg \u00f8nsket type frakttjeneste, fullf\u00f8r betalingsprosessen p\u00e5 nett, og trykk deretter p\u00e5 &laquo;bekreft&raquo;-knappen p\u00e5 slutten av betalingsprosessen. N\u00e5r banken v\u00e5r har bekreftet at betalingen er behandlet, sender vi deg en e-post med en bekreftelse p\u00e5 bestillingen din med bestillingsnummeret ditt og informasjon om produktene du har bestilt.<br \/>N\u00e5r produktene dine sendes, sender vi deg en e-post med en bekreftelse p\u00e5 at vi har sendt dem.<br \/>Manglende aksept av en bestilling kan skyldes en av f\u00f8lgende \u00e5rsaker:    <\/p>\n<ul>\n<li>Produktet du bestilte er ikke tilgjengelig fra lager.<\/li>\n<li>Produktet du bestilte er ikke tilgjengelig for levering til det valgte leveringslandet.<\/li>\n<li>Autorisasjon for betalingen din har mislyktes.<\/li>\n<li>Identifisering av en pris- eller produktbeskrivelsesfeil.<\/li>\n<li>Yohana AS forbeholder seg retten til \u00e5 begrense antall varer som er tilgjengelig for salg til den enkelte kunde.<\/li>\n<\/ul>\n<p><strong>Merk: <\/strong>Hvis du ikke er forn\u00f8yd med varen du har bestilt, tilbyr vi en 14 dagers pengene tilbake-garanti, forutsatt at produktet ikke har blitt \u00e5pnet, brukt eller skadet (ytterligere informasjon finner du i returreglene under Yohana). Unntak kan gjelde for produkter til personlig pleie, der produktet av hensyn til folkehelsen ikke kan returneres, byttes eller refunderes av hygieniske \u00e5rsaker, i tillegg kan et produkt ikke byttes eller refunderes av personhygieniske \u00e5rsaker hvis produktforseglingen har blitt brutt eller fjernet fra originalemballasjen. Ytterligere detaljer finner du under v\u00e5re retningslinjer for retur.  <\/p>\n<h4>Bestill levering<\/h4>\n<p>Vi tar sikte p\u00e5 \u00e5 behandle og sende alle bestillinger innen 72 timer etter at betalingen er bekreftet fra banken v\u00e5r. Vi kan imidlertid ikke garantere hvor raskt vi behandler bestillinger, og vi kan ikke holdes ansvarlige for forsinkelser fra budfirmaer. <\/p>\n<h4>Betaling<\/h4>\n<p>Vi aksepterer betaling i Kr.<br \/>For alle betalinger aksepterer vi: Visa, MasterCard og bankoverf\u00f8ringer.<br \/>P\u00e5 grunn av personvernhensyn oppbevarer ikke Yohana noen kredittkortopplysninger. Alle betalinger behandles sikkert gjennom betalingsportaler. <\/p>\n<h4>Retningslinjer for retur<\/h4>\n<p>Alle salg er endelige hvis et produkt har blitt brukt, \u00e5pnet eller endret: Dette gjelder parykker, h\u00e5rforlengelser, h\u00e5rklippere og kosmetikkprodukter som selges eller tilbys for salg gjennom Yohana<\/p>\n<p>Hvis du er usikker p\u00e5 et produkt du har mottatt, ber vi deg inspisere produktet f\u00f8r du \u00e5pner eller tar det ut av emballasjen.<\/p>\n<p>Produkter kj\u00f8pt gjennom Yohana er dekket av v\u00e5r 14 dagers pengene tilbake- eller byttegaranti. Hvis du ikke er forn\u00f8yd med produktet eller bare har ombestemt deg etter \u00e5 ha inspisert varene, m\u00e5 du gi oss beskjed via e-post yonatan@yohana.no innen 14 dager etter at du har mottatt varene. Vi vil da gi deg ytterligere 14 dager til \u00e5 returnere varene til v\u00e5rt distribusjonssenter hos Yohana AS. Osterhausgate 5, 0183, Oslo. (<strong>V\u00e6r oppmerksom p\u00e5 dette:<\/strong>  Varer m\u00e5 returneres i salgbar stand, u\u00e5pnet, ubrukt eller uskadet og leveres til v\u00e5r adresse Osterhausgate 5, 0183, Oslo innen 14 dager etter varsel om retur. V\u00e6r ogs\u00e5 oppmerksom p\u00e5 at vi ikke tilbyr emballasje, etiketter eller porto for returnerte varer). <\/p>\n<p><strong>V\u00e6r oppmerksom <\/strong>p\u00e5 at du kan bli bedt om \u00e5 dekke porto- eller fraktkostnadene n\u00e5r du returnerer varene til oss.<\/p>\n<p>For at et produkt skal kvalifisere for refusjon eller bytte, m\u00e5 produktet\/produktene v\u00e6re u\u00e5pnet og i salgbar stand. Hvis den ytre emballasjen eller forseglingen (hvis det finnes en slik) er skadet, vil vi ikke kunne utstede en refusjon, og salget vil bli ansett som endelig. Vennligst legg ved et kort f\u00f8lgebrev med returpakken, inkludert navn og adresse og en forklaring p\u00e5 hvorfor du returnerer varen(e).  <\/p>\n<p><strong>Merk: <\/strong>Av hensyn til hygiene og personlig og offentlig helse og sikkerhet kan vi ikke refundere eller bytte pleieprodukter eller kosmetikk som har blitt fjernet fra den originale innpakningen eller viser tegn p\u00e5 \u00e5 ha blitt brukt, endret eller stylet. Dette inkluderer parykker, h\u00e5rforlengelser, h\u00e5rklippere og andre personlige pleieartikler. <\/p>\n<p><strong>Dine lovfestede rettigheter p\u00e5virkes ikke.<\/strong><\/p>\n<h4>Rett til \u00e5 avbryte<\/h4>\n<p>Du har rett til \u00e5 kansellere denne kontrakten innen 14 dager uten \u00e5 oppgi noen grunn. Angreretten utl\u00f8per etter 14 dager fra den dagen du eller en annen tredjepart enn transport\u00f8ren eller den du har oppgitt, f\u00e5r varene i fysisk besittelse. <\/p>\n<p>For \u00e5 ut\u00f8ve angreretten m\u00e5 du informere oss, Yohana AS, Osterhausgate 5, 0183, Oslo, Tel: +47 21 39 21 75 Email: support@yohana.no om din beslutning om \u00e5 g\u00e5 fra denne avtalen i en tydelig erkl\u00e6ring (f.eks. et brev sendt per post, faks eller e-post). Du kan bruke det vedlagte standardskjemaet for avbestilling, men det er ikke obligatorisk. For \u00e5 overholde angrefristen er det tilstrekkelig at du sender meldingen om at du benytter deg av angreretten f\u00f8r angrefristen p\u00e5 14 dager er utl\u00f8pt.  <\/p>\n<h4>Effekter av kansellering:<\/h4>\n<p>Hvis du hever denne kontrakten, vil vi gjerne refundere deg verdien av varene n\u00e5r varene er returnert til oss og varene er i salgbar stand, inkludert leveringskostnadene (med unntak av tilleggskostnadene som oppst\u00e5r hvis du valgte en annen type levering enn den rimeligste typen standardlevering som tilbys av oss). Vi kan gj\u00f8re et fradrag fra tilbakebetalingen for verditap p\u00e5 leverte varer hvis tapet skyldes un\u00f8dvendig h\u00e5ndtering fra din side. <\/p>\n<p>Vi vil foreta tilbakebetalingen uten ugrunnet opphold, og senest innen:<\/p>\n<p>(a) 14 dager etter den dagen vi mottar tilbake leverte varer fra deg<\/p>\n<p>(b) hvis det ikke ble levert noen varer, 14 dager etter den dagen vi ble informert om din beslutning om \u00e5 kansellere denne kontrakten.<\/p>\n<p>Vi vil foreta tilbakebetalingen med samme betalingsmiddel som du brukte ved den f\u00f8rste transaksjonen.<\/p>\n<h4>Unntak fra retten til \u00e5 kansellere<\/h4>\n<p>Retten til \u00e5 avbestille gjelder ikke for f\u00f8lgende avtaler:<\/p>\n<p>(i) Avtaler om levering av varer som er laget etter forbrukerens spesifikasjoner eller som er klart personlig tilpasset.<\/p>\n<p>(ii) Kontrakter for levering av varer som kan forringes eller utl\u00f8pe raskt.<\/p>\n<p>(iii) Kontrakter om levering av forseglede varer som ikke er egnet for retur av hensyn til helsevern eller hygiene, og som ble \u00e5pnet etter levering.<\/p>\n<h4>Kansellering av ordre:<\/h4>\n<p>I henhold til dine lovbestemte forbrukerrettigheter kan vi kun kansellere og refundere bestillinger som er returnert til oss i salgbar stand. I noen tilfeller kan en bestilling kanselleres hvis den ikke allerede er sendt. <\/p>\n<p>Hvis du ved en tilfeldighet oppdager at du har gjort en feil ved bestillingen, ber vi deg kontakte oss s\u00e5 snart du kan via e-post p\u00e5 yonatan@yohana.no (med ordet &laquo;Avbryt&raquo; i emnelinjen), eller i kontortiden ved \u00e5 ringe +47 21 39 21 75.<\/p>\n<p>Vi refunderer kun til den opprinnelige betalingsm\u00e5ten du brukte for \u00e5 legge inn bestillingen, og gir deg returadressen v\u00e5r slik at du kan returnere varene til oss for egen regning. Vennligst returner varene innen 14 dager. <\/p>\n<h4>Mottatt defekt, skadet eller feilaktig vare<\/h4>\n<p>Vi vil alltid gj\u00f8re v\u00e5rt beste for \u00e5 sikre at varene dine kommer frem p\u00e5 riktig m\u00e5te og i perfekt stand. Det hender imidlertid at det skjer feil, eller at varer blir skadet under transport. Vennligst sjekk produktet ditt ved mottak og rapporter eventuelle problemer til oss s\u00e5 snart som mulig.  <\/p>\n<p>Jo tidligere vi f\u00e5r beskjed, desto enklere og raskere vil det v\u00e6re \u00e5 l\u00f8se problemet for deg.<\/p>\n<p>Hvis mottatte produkter er av d\u00e5rlig kvalitet, feil, defekt eller skadet, gjelder f\u00f8lgende:<br \/>Innen 14 dager etter mottak av varene, vil vi tilby deg full refusjon (n\u00e5r varene er returnert til v\u00e5rt kontor), inkludert eventuell porto du har betalt, eller hvis du foretrekker det og produktet fortsatt er tilgjengelig, vil en erstatning bli sendt.<\/p>\n<p><strong>MERK: <\/strong>Vi aksepterer ikke retur av varer etter 14 dager<br \/>Vennligst kontakt yonatan@yohana.no eller i kontortiden p\u00e5 telefon +47 21 39 21 75<\/p>\n<h4>Tvistel\u00f8sning<\/h4>\n<p>Vi har IKKE til hensikt \u00e5 delta i tvistel\u00f8sningsprosedyrer for et tvistel\u00f8sningsorgan og foresl\u00e5r at du kontakter v\u00e5r kundeservice for \u00e5 diskutere eventuelle tvister.<\/p>\n<h4>Personlig informasjon og personvern<\/h4>\n<p>Yohana tar beskyttelsen av v\u00e5re kunders personopplysninger p\u00e5 alvor. Vi behandler alle personopplysningene dine konfidensielt (selv om vi forbeholder oss retten til \u00e5 utlevere disse opplysningene under de omstendighetene som er beskrevet nedenfor). Vi oppbevarer dem p\u00e5 en sikker server, og vi overholder all gjeldende personvern- og forbrukerlovgivning. Du b\u00f8r v\u00e6re klar over at dette nettstedet overv\u00e5kes og kan samle inn informasjon om bes\u00f8ket ditt som vil hjelpe oss med \u00e5 forbedre kvaliteten p\u00e5 tjenesten v\u00e5r.   <\/p>\n<p>Vi bekrefter at all personlig informasjon som du oppgir til oss, og all brukerinformasjon som vi kan identifisere deg ut fra, oppbevares i samsvar med registreringen vi har hos Data Commissioner&#8217;s Office.<\/p>\n<p>Vi bruker opplysningene dine kun til f\u00f8lgende form\u00e5l:<\/p>\n<p><strong>Behandling av bestillingene dine: <\/strong>For statistiske form\u00e5l eller sp\u00f8rreunders\u00f8kelser for \u00e5 forbedre dette nettstedet og dets tjenester til deg, for \u00e5 levere innhold p\u00e5 nettstedet, for \u00e5 administrere dette nettstedet, og der du har gitt ditt samtykke, for \u00e5 varsle deg om produkter eller spesialtilbud som kan v\u00e6re av interesse for deg.<\/p>\n<p>Du har rett til \u00e5 be oss om \u00e5 gi deg en redegj\u00f8relse om personopplysningene vi behandler om deg, til \u00e5 korrigere opplysningene dine, til \u00e5 slette opplysningene dine, til \u00e5 trekke tilbake samtykket du har gitt til behandling av personopplysninger, eller til \u00e5 fjerne deg fra adresselistene v\u00e5re.<\/p>\n<h4>Sikkerhet og personvern<\/h4>\n<p>Yohana AS respekterer personvernet ditt og samler bare inn den informasjonen som er n\u00f8dvendig for \u00e5 kunne levere v\u00e5re produkter til v\u00e5re kunder. All informasjon holdes konfidensiell og sikret. Vi kan med jevne mellomrom sende e-post til v\u00e5re kunder for \u00e5 informere dem om oppdateringer av v\u00e5re tjenester. For \u00e5 reservere deg mot \u00e5 motta informasjon fra oss, vennligst logg inn p\u00e5 din www.yohannaa.com konto og velg &laquo;opt out&raquo;.  <\/p>\n<p>Yohana har iverksatt sikkerhetstiltak for \u00e5 beskytte mot tap, misbruk og endring av informasjonen som er under v\u00e5r kontroll. Enkelte deler av nettstedet v\u00e5rt bruker industristandarden SSL for \u00e5 kryptere sensitive data, for eksempel faktureringsadressedetaljene dine. Vi registrerer IP-adressen til personer som sender inn bestillinger for \u00e5 forebygge svindel, og vi vil utlevere all informasjon som er n\u00f8dvendig for \u00e5 samarbeide fullt ut med rettsh\u00e5ndhevende myndigheter i etterforskningen av mistenkte lovbrytere.  <\/p>\n<p><strong>Yohana samler inn kontakt- og leveringsinformasjon<\/strong> (f.eks. navn, faktureringsadresse, leveringsadresse og e-postadresse) Kundens kontakt- og leveringsinformasjon brukes til \u00e5 komme i kontakt med kunden ved behov og til \u00e5 levere produkter som bestilt. For ekstra sikkerhet blir alle betalingssidene hostet og behandlet av Secure Payment Services, noe som betyr at vi ikke har oversikt over kundens kredittkortopplysninger. En informasjonskapsel er et stykke data som lagres p\u00e5 brukerens harddisk, og som inneholder informasjon om brukeren. Dette nettstedet bruker informasjonskapsler for \u00e5 gj\u00f8re det mulig for systemene v\u00e5re \u00e5 gjenkjenne nettleseren din og for \u00e5 tilby tilpassede funksjoner.    <\/p>\n<p>Yohana AS kan endre disse retningslinjene fra tid til annen. Hvis du \u00f8nsker \u00e5 avslutte kontoen din, vennligst kontakt v\u00e5rt kundeserviceteam p\u00e5: info@yohana.no <\/p>\n<p>N\u00e5r du avslutter kontoen din, vil du ikke lenger kunne handle p\u00e5 nettet eller motta e-post fra oss. Du kan registrere deg p\u00e5 nytt p\u00e5 et senere tidspunkt med samme e-postadresse, men du vil da ikke ha tilgang til historisk bestillingsinformasjon. Du er ansvarlig for alle aktiviteter og bestillinger som skjer eller sendes inn under passordet ditt. Hvis du vet eller mistenker at noen andre kjenner til passordet ditt, b\u00f8r du varsle oss ved \u00e5 kontakte kundeserviceteamet v\u00e5rt umiddelbart via e-post: info@yohana.no   <\/p>\n<h4>Kampanjekupongkoder og gaver<\/h4>\n<p>Fra tid til annen kan vi gj\u00f8re kampanjekupongkoder tilgjengelige for rabatter, premietrekninger eller gratis gaver. V\u00e6r oppmerksom p\u00e5 at visse kuponger kan bli brukt automatisk i kassen i henhold til kurvkriteriene du har oppfylt, for \u00e5 tilby deg ytterligere automatiske rabatter eller gaver med bestillingen din. Kupongkoder forblir gyldige i den varigheten som er angitt i kampanjematerialet v\u00e5rt, etter &laquo;dette nettstedets&raquo; eget skj\u00f8nn, og kan opph\u00f8re n\u00e5r som helst uten forvarsel. Kunder kan bare l\u00f8se inn \u00e9n rabattkode eller \u00e9n kampanjegave per bestilling.   <\/p>\n<p>Kampanjekoder forblir Yohana AS&#8217; eiendom og kan ikke overf\u00f8res og kan ikke reproduseres i noen form uten forh\u00e5ndsgodkjenning fra oss.<br \/>Vi forbeholder oss retten til \u00e5 fjerne kampanjekoder n\u00e5r som helst og uten forvarsel.<\/p>\n<p>Vi forbeholder oss retten til n\u00e5r som helst \u00e5 trekke tilbake eventuelle tilbud.<\/p>\n<h4>Gratis gaver:<\/h4>\n<p>Gratis gaver tilbys med forbehold om lagerbeholdning og etter f\u00f8rst til m\u00f8lla-prinsippet. Yohana AS vil alltid fors\u00f8ke \u00e5 sikre at et rimelig lager av en gratis vare er tilgjengelig f\u00f8r vi kj\u00f8rer en gratis gavekampanje. Hvis din gratis gave ikke lenger er tilgjengelig, vil vi gj\u00f8re v\u00e5rt ytterste for \u00e5 informere deg s\u00e5 snart som mulig, enten i kassen eller via e-post.  <\/p>\n<h4>Handelsnavn og adresse:<\/h4>\n<p>yohannaa.com er handelsnavnet til Yohana AS, registrert kontor: Osterhausgate 5, 0183, Oslo (alle rettigheter forbeholdes).<\/p>\n<h4>Markedsf\u00f8ring<\/h4>\n<p>Vi forbeholder oss retten til \u00e5 kommunisere markedsf\u00f8ringsmateriell, nyhetsbrev og kampanjetilbud gjennom alle former for medier til v\u00e5re abonnenter. Hvis du \u00f8nsker \u00e5 avslutte abonnementet, vennligst oppdater alternativet som er tilgjengelig i &laquo;min konto&raquo;-omr\u00e5det p\u00e5 (&laquo;Yohana&raquo;). <\/p>\n<h4>Endring av vilk\u00e5rene for tjenester<\/h4>\n<p>Du kan n\u00e5r som helst g\u00e5 gjennom den nyeste versjonen av vilk\u00e5rene for bruk p\u00e5 denne siden.<\/p>\n<p>Vi forbeholder oss retten til, etter eget skj\u00f8nn, \u00e5 oppdatere, endre eller erstatte deler av disse tjenestevilk\u00e5rene ved \u00e5 legge ut oppdateringer og endringer p\u00e5 nettstedet v\u00e5rt. Det er ditt ansvar \u00e5 sjekke nettstedet v\u00e5rt med jevne mellomrom for endringer. Din fortsatte bruk av eller tilgang til nettstedet v\u00e5rt eller tjenesten etter at det er lagt ut endringer i disse tjenestevilk\u00e5rene, inneb\u00e6rer at du godtar disse endringene.  <\/p>\n<h4>Kontaktinformasjon<\/h4>\n<p>Sp\u00f8rsm\u00e5l om vilk\u00e5rene for bruk kan sendes til oss p\u00e5 yonatan@yohana.no<br \/>Adresse &#8211; Osterhausgate 5, 0183, Oslo<\/p><\/p>\n\t\t\t\t\t\t\t\t<\/div>\n\t\t\t\t<\/div>\n\t\t\t\t\t<\/div>\n\t\t\t\t<\/div>\n\t\t\t\t<\/div>\n\t\t","protected":false},"excerpt":{"rendered":"<p>Vilk\u00e5r og betingelser Velkommen til Yohana. Vi er s\u00e5 glade for at du er her. Finn deg til rette og kos deg, men v\u00e6r s\u00e5 snill \u00e5 f\u00f8lge husreglene v\u00e5re. Aksepterer disse vilk\u00e5rene Disse vilk\u00e5rene og betingelsene gjelder for bruk av www.yohannaa.com (&laquo;Yohana&raquo;) og er utformet for \u00e5 forklare noen av reglene vi opererer under, [&hellip;]<\/p>\n","protected":false},"author":1,"featured_media":0,"parent":0,"menu_order":0,"comment_status":"closed","ping_status":"closed","template":"","meta":{"footnotes":""},"class_list":["post-7390","page","type-page","status-publish","hentry"],"_links":{"self":[{"href":"https:\/\/yohannaa.com\/no\/wp-json\/wp\/v2\/pages\/7390","targetHints":{"allow":["GET"]}}],"collection":[{"href":"https:\/\/yohannaa.com\/no\/wp-json\/wp\/v2\/pages"}],"about":[{"href":"https:\/\/yohannaa.com\/no\/wp-json\/wp\/v2\/types\/page"}],"author":[{"embeddable":true,"href":"https:\/\/yohannaa.com\/no\/wp-json\/wp\/v2\/users\/1"}],"replies":[{"embeddable":true,"href":"https:\/\/yohannaa.com\/no\/wp-json\/wp\/v2\/comments?post=7390"}],"version-history":[{"count":1,"href":"https:\/\/yohannaa.com\/no\/wp-json\/wp\/v2\/pages\/7390\/revisions"}],"predecessor-version":[{"id":7391,"href":"https:\/\/yohannaa.com\/no\/wp-json\/wp\/v2\/pages\/7390\/revisions\/7391"}],"wp:attachment":[{"href":"https:\/\/yohannaa.com\/no\/wp-json\/wp\/v2\/media?parent=7390"}],"curies":[{"name":"wp","href":"https:\/\/api.w.org\/{rel}","templated":true}]}}