{"id":7166,"date":"2024-09-14T22:20:35","date_gmt":"2024-09-14T22:20:35","guid":{"rendered":"https:\/\/yohannaa.com\/bestilling-og-retur\/"},"modified":"2024-11-12T01:05:34","modified_gmt":"2024-11-12T01:05:34","slug":"bestilling-og-retur","status":"publish","type":"page","link":"https:\/\/yohannaa.com\/no\/bestilling-og-retur\/","title":{"rendered":"Bestilling og retur"},"content":{"rendered":"\t\t<div data-elementor-type=\"wp-page\" data-elementor-id=\"7166\" class=\"elementor elementor-7166 elementor-4730\">\n\t\t\t\t<div class=\"elementor-element elementor-element-defb4b2 e-flex e-con-boxed e-con e-parent\" data-id=\"defb4b2\" data-element_type=\"container\" data-e-type=\"container\" data-settings=\"{&quot;background_background&quot;:&quot;classic&quot;}\">\n\t\t\t\t\t<div class=\"e-con-inner\">\n\t\t\t\t<div class=\"elementor-element elementor-element-3e89efb elementor-widget elementor-widget-heading\" data-id=\"3e89efb\" data-element_type=\"widget\" data-e-type=\"widget\" data-widget_type=\"heading.default\">\n\t\t\t\t<div class=\"elementor-widget-container\">\n\t\t\t\t\t<h2 class=\"elementor-heading-title elementor-size-default\">Bestilling og retur<\/h2>\t\t\t\t<\/div>\n\t\t\t\t<\/div>\n\t\t\t\t\t<\/div>\n\t\t\t\t<\/div>\n\t\t<div class=\"elementor-element elementor-element-2e6c530f e-flex e-con-boxed e-con e-parent\" data-id=\"2e6c530f\" data-element_type=\"container\" data-e-type=\"container\">\n\t\t\t\t\t<div class=\"e-con-inner\">\n\t\t\t\t<div class=\"elementor-element elementor-element-7d8e412 elementor-widget elementor-widget-text-editor\" data-id=\"7d8e412\" data-element_type=\"widget\" data-e-type=\"widget\" data-widget_type=\"text-editor.default\">\n\t\t\t\t<div class=\"elementor-widget-container\">\n\t\t\t\t\t\t\t\t\t<h2 class=\"fs-25\">BESTILLING<\/h2>\n<p>Du ser hvilke varianter og farger som er igjen av et produkt p\u00e5 hver produktside. N\u00e5r bestillingen din er registrert, vil du motta en ordrebekreftelse p\u00e5 e-post. Hvis du har sp\u00f8rsm\u00e5l ang\u00e5ende bestillingen din, kan du kontakte yonatan@yohana.no, husk \u00e5 merke e-posten med ordrenummer og emne.  <\/p>\n<p>Vi tar forbehold om at lagerbeholdningen i nettbutikken kan inneholde feil. Skulle du mot formodning oppleve at vi er utsolgt for en eller flere produkter i bestillingen din, vil du selvf\u00f8lgelig ikke bli belastet for varen(e) som ikke kan leveres. <\/p>\n<p>Hvis du \u00f8nsker \u00e5 angre p\u00e5 en bestilling\/vare, m\u00e5 du kontakte oss s\u00e5 snart som mulig via telefon eller e-post. Hvis varen allerede er sendt, m\u00e5 du benytte deg av angreretten. <\/p>\n<p>Forventet leveringstid er 3-5 dager.<\/p>\n<h3>Bestillingsstatus<\/h3>\n<p>For \u00e5 se ventende og\/eller tidligere fullf\u00f8rte bestillinger, logg inn p\u00e5 &laquo;min konto&raquo;. Her finner du en oversikt over ventende og tidligere bestillinger. P\u00e5 &laquo;min konto&raquo; kan du ogs\u00e5 redigere og oppdatere kontaktinformasjon som navn, adresse og lignende.  <\/p>\n<p>Betaling med<\/p>\n<ul>\n<li>WHIP<\/li>\n<li>Klarna<\/li>\n<\/ul>\n<p>Kj\u00f8p n\u00e5. Betal senere med Klarna. <\/p>\n<p>Vi er glade for \u00e5 kunne fortelle deg at vi samarbeider med Klarna for \u00e5 kunne tilby deg flere betalingsmetoder p\u00e5 betalingssiden. N\u00e5 kan du f\u00e5 det du vil ha n\u00e5r du vil ha det p\u00e5 en trygg og enkel m\u00e5te. <\/p>\n<p>Legg produktene i handlekurven, og g\u00e5 til kassen.<\/p>\n<p>Skriv inn personopplysningene dine, s\u00e5 f\u00e5r du umiddelbart vite om du har blitt godkjent.<\/p>\n<p>Klarna sender deg en bekreftelse p\u00e5 e-post og deretter p\u00e5minnelser n\u00e5r du m\u00e5 betale.<\/p>\n<p>Fremtidige Klarna-kj\u00f8p kan n\u00e5 fullf\u00f8res med et klikk.<\/p>\n<h3>Betal senere<\/h3>\n<p>Betal alt innen 14 dager etter at varene er sendt. Ingen forskuddsbetaling, ingen renter og ingen gebyrer n\u00e5r du betaler i tide. Kort- eller bankbetaling  <\/p>\n<p>Med et kort kan du betale for kj\u00f8pene dine raskt, sikkert og enkelt. Du kan koble kortene dine til Klarna f\u00f8rste gang du betaler noe, eller du kan gj\u00f8re det p\u00e5 forh\u00e5nd i Klarna-appen. Klarna husker informasjonen din, slik at du kan handle og betale enda smidigere neste gang.  <\/p>\n<p>Kortbetaling med et kort du selv velger. Pengene trekkes direkte i forbindelse med kj\u00f8pet. <\/p>\n<h3>Finansiering<\/h3>\n<p>Engangsavtale Fyll ut en enkel kreditts\u00f8knad i fire trinn med de viktigste opplysningene. Du f\u00e5r svar umiddelbart hvis du blir godkjent, og kan fullf\u00f8re bestillingen med en gang. <\/p>\n<p>M\u00e5nedlige betalinger Du betaler den m\u00e5nedlige betalingen p\u00e5 nettet eller i appen v\u00e5r ved hjelp av bankoverf\u00f8ring eller kortbetaling. Vi varsler deg n\u00e5r det er p\u00e5 tide \u00e5 betale hver m\u00e5ned. <\/p>\n<h3>Om Klarna<\/h3>\n<p>Betal p\u00e5 nett eller i appen Se dine siste kj\u00f8p og foreta betalinger i Klarna-appen eller p\u00e5 nett.<\/p>\n<p>Last ned Klarna-appen: www.klarna.com\/app<\/p>\n<ul>\n<li>Logg inn: app.klarna.com\/login<\/li>\n<li>Chat med kundeservice: www.klarna.com\/no\/kundeservice\/<\/li>\n<\/ul>\n<h3>Trygt og enkelt<\/h3>\n<p>Du er alltid dekket av Klarnas kj\u00f8perbeskyttelse. Moderne sikkerhet beskytter informasjonen din for \u00e5 forhindre uautoriserte kj\u00f8p. Les v\u00e5re oftest stilte sp\u00f8rsm\u00e5l www.klarna.com\/no\/kundeservice\/ for \u00e5 l\u00e6re mer om hvordan du bruker Klarna. Vi i Klarna er opptatt av \u00e5 skape verdens beste handleopplevelse. Vi mener at betaling handler om mye mer enn hvordan vi sender penger. Derfor gir v\u00e5re fleksible betalingsmetoder deg mer tid, kontroll og glede, slik at du kan fortsette \u00e5 gj\u00f8re det du elsker mest.     <\/p>\n<h2 class=\"fs-25\">RETUR<\/h2>\n<p>Vi aksepterer bytte og retur av ubeskadigede varer innen 14 dager etter kj\u00f8psdato (7 dager i salgsperioden).<\/p>\n<h5>Returer i butikk <span style=\"font-size: 14px; color: #00ca8d;\">GRATIS<\/span><\/h5>\n<p>Returen behandles vanligvis i l\u00f8pet av en uke til halvannen uke. Vi sender deg en e-post med returvarsel for \u00e5 varsle deg n\u00e5r returen er fullf\u00f8rt.<br \/>Beregn 2-5 virkedager for refusjon til den opprinnelige betalingsm\u00e5ten etter at returen er behandlet. <\/p>\n<p class=\"p1\"><strong>\u00d8nsker du \u00e5 returnere en vare?<\/strong><\/p>\n<p class=\"p1\">Her er hvordan du gj\u00f8r det:<\/p>\n<p class=\"p1\">1. Fyll ut den nederste delen av angrerettskjemaet og gi oss beskjed p\u00e5 yonatan@yohana.no senest 14 dager etter at du har mottatt varen. fortell oss om du \u00f8nsker \u00e5 bytte varen, f\u00e5 pengene tilbake eller heve kj\u00f8pet. <\/p>\n<p class=\"p1\">2. Send pakken tilbake til oss, adressen finner du \u00f8verst i angrerettsskjemaet eller p\u00e5 nettsiden v\u00e5r. merk: hvis du velger \u00e5 sende pakken uten sporingsnummer, har du ingen rettigheter hvis pakken g\u00e5r tapt. vi anbefaler p\u00e5 det sterkeste at du sender retur med sporingsnummer.  <\/p>\n<p class=\"p1\">3. Varen m\u00e5 v\u00e6re i tiln\u00e6rmet samme stand og mengde som da du mottok den. Husk \u00e5 lukke pakken\/posen godt med ekstra tape slik at varen ikke skades under forsendelsen. <\/p>\n<p class=\"p1\">Se forbrukerkj\u00f8psloven eller kontakt oss p\u00e5 yonatan@yohana.no hvis du har sp\u00f8rsm\u00e5l.<\/p>\n<p class=\"p1\">\n\t\t\t\t\t\t\t\t<\/div>\n\t\t\t\t<\/div>\n\t\t\t\t\t<\/div>\n\t\t\t\t<\/div>\n\t\t\t\t<\/div>\n\t\t","protected":false},"excerpt":{"rendered":"<p>Bestilling og retur BESTILLING Du ser hvilke varianter og farger som er igjen av et produkt p\u00e5 hver produktside. N\u00e5r bestillingen din er registrert, vil du motta en ordrebekreftelse p\u00e5 e-post. Hvis du har sp\u00f8rsm\u00e5l ang\u00e5ende bestillingen din, kan du kontakte yonatan@yohana.no, husk \u00e5 merke e-posten med ordrenummer og emne. Vi tar forbehold om at [&hellip;]<\/p>\n","protected":false},"author":1,"featured_media":0,"parent":0,"menu_order":0,"comment_status":"closed","ping_status":"closed","template":"","meta":{"footnotes":""},"class_list":["post-7166","page","type-page","status-publish","hentry"],"_links":{"self":[{"href":"https:\/\/yohannaa.com\/no\/wp-json\/wp\/v2\/pages\/7166","targetHints":{"allow":["GET"]}}],"collection":[{"href":"https:\/\/yohannaa.com\/no\/wp-json\/wp\/v2\/pages"}],"about":[{"href":"https:\/\/yohannaa.com\/no\/wp-json\/wp\/v2\/types\/page"}],"author":[{"embeddable":true,"href":"https:\/\/yohannaa.com\/no\/wp-json\/wp\/v2\/users\/1"}],"replies":[{"embeddable":true,"href":"https:\/\/yohannaa.com\/no\/wp-json\/wp\/v2\/comments?post=7166"}],"version-history":[{"count":3,"href":"https:\/\/yohannaa.com\/no\/wp-json\/wp\/v2\/pages\/7166\/revisions"}],"predecessor-version":[{"id":8298,"href":"https:\/\/yohannaa.com\/no\/wp-json\/wp\/v2\/pages\/7166\/revisions\/8298"}],"wp:attachment":[{"href":"https:\/\/yohannaa.com\/no\/wp-json\/wp\/v2\/media?parent=7166"}],"curies":[{"name":"wp","href":"https:\/\/api.w.org\/{rel}","templated":true}]}}